{"id":21009,"date":"2021-12-22T10:54:41","date_gmt":"2021-12-22T09:54:41","guid":{"rendered":"https:\/\/cfdfeaservice.it\/?page_id=21009"},"modified":"2024-02-14T10:36:56","modified_gmt":"2024-02-14T09:36:56","slug":"ingegneria-civile-antincendio","status":"publish","type":"page","link":"https:\/\/cfdfeaservice.it\/index.php\/ingegneria-civile-antincendio\/","title":{"rendered":"Ingegneria civile &#8211; antincendio"},"content":{"rendered":"\n<p>CFD FEA SERVICE propone una serie di attivit\u00e0 di consulenza e ingegneria al supporto degli uttici tecnici, progettisti e tecnici che devono affrontare le pi\u00f9 svariate problematiche. Gli strumenti a disposizione, basati sui software opensource quali <a href=\"https:\/\/cfdfeaservice.it\/index.php\/prodotto\/guida-openfoam-italiano\/\">OpenFOAM<\/a>, <a href=\"https:\/\/cfdfeaservice.it\/index.php\/prodotto\/code_aster\/\">CodeAster<\/a>, <a href=\"https:\/\/pages.nist.gov\/fds-smv\/\" target=\"_blank\" rel=\"noreferrer noopener\">FDS<\/a>, etc., integrati con il <a href=\"https:\/\/cloudhpc.cloud\" target=\"_blank\" rel=\"noreferrer noopener\">cloud computing<\/a> ci permettono di essere efficienti ed efficaci nel darvi risposte.<\/p>\n\n\n\n<h2 class=\"wp-block-heading has-text-align-center\">ANALISI CFD &#8211; FIRE SAFETY ENGINEERING<\/h2>\n\n\n\n<p>Attivit\u00e0 di ingegneria antincendio e progettazione secondi i pi\u00f9 moderni codici e regolamenti in vigore (DM 3 Agosto 2015 e successive modifiche). Sviluppo del cos\u00ec detto approccio ingegneristico, ovvero Fire Safety Engineering) che permette di validare le soluzioni progettuali alternative in particolare per quanto concerne:<\/p>\n\n\n\n<ul class=\"wp-block-list\">\n<li>Capitolo S2 &#8211; Resistenza al fuoco<\/li>\n\n\n\n<li>Capitolo S4 &#8211; Esodo<\/li>\n\n\n\n<li>Capitolo S8 &#8211; Estrazione fumo dai locali<\/li>\n<\/ul>\n\n\n\n<figure class=\"wp-block-gallery has-nested-images columns-default is-cropped wp-block-gallery-1 is-layout-flex wp-block-gallery-is-layout-flex\">\n<figure class=\"wp-block-image size-large\"><img data-recalc-dims=\"1\" loading=\"lazy\" decoding=\"async\" width=\"600\" height=\"371\" data-attachment-id=\"21012\" data-permalink=\"https:\/\/cfdfeaservice.it\/index.php\/ingegneria-civile-antincendio\/rhr-nel-tempo\/\" data-orig-file=\"https:\/\/i0.wp.com\/cfdfeaservice.it\/wp-content\/uploads\/2021\/12\/RHR-nel-tempo.png?fit=600%2C371&amp;ssl=1\" data-orig-size=\"600,371\" data-comments-opened=\"1\" data-image-meta=\"{&quot;aperture&quot;:&quot;0&quot;,&quot;credit&quot;:&quot;&quot;,&quot;camera&quot;:&quot;&quot;,&quot;caption&quot;:&quot;&quot;,&quot;created_timestamp&quot;:&quot;0&quot;,&quot;copyright&quot;:&quot;&quot;,&quot;focal_length&quot;:&quot;0&quot;,&quot;iso&quot;:&quot;0&quot;,&quot;shutter_speed&quot;:&quot;0&quot;,&quot;title&quot;:&quot;&quot;,&quot;orientation&quot;:&quot;0&quot;}\" data-image-title=\"RHR-nel-tempo\" data-image-description=\"\" data-image-caption=\"\" data-medium-file=\"https:\/\/i0.wp.com\/cfdfeaservice.it\/wp-content\/uploads\/2021\/12\/RHR-nel-tempo.png?fit=300%2C186&amp;ssl=1\" data-large-file=\"https:\/\/i0.wp.com\/cfdfeaservice.it\/wp-content\/uploads\/2021\/12\/RHR-nel-tempo.png?fit=600%2C371&amp;ssl=1\" data-id=\"21012\" src=\"https:\/\/i0.wp.com\/cfdfeaservice.it\/wp-content\/uploads\/2021\/12\/RHR-nel-tempo.png?resize=600%2C371&#038;ssl=1\" alt=\"\" class=\"wp-image-21012\" srcset=\"https:\/\/i0.wp.com\/cfdfeaservice.it\/wp-content\/uploads\/2021\/12\/RHR-nel-tempo.png?w=600&amp;ssl=1 600w, https:\/\/i0.wp.com\/cfdfeaservice.it\/wp-content\/uploads\/2021\/12\/RHR-nel-tempo.png?resize=300%2C186&amp;ssl=1 300w, https:\/\/i0.wp.com\/cfdfeaservice.it\/wp-content\/uploads\/2021\/12\/RHR-nel-tempo.png?resize=230%2C142&amp;ssl=1 230w\" sizes=\"auto, (max-width: 600px) 100vw, 600px\" \/><figcaption class=\"wp-element-caption\">Grafico della curva temporale di rilascio della potenza termica<\/figcaption><\/figure>\n\n\n\n<figure class=\"wp-block-image size-large\"><img data-recalc-dims=\"1\" loading=\"lazy\" decoding=\"async\" width=\"600\" height=\"371\" data-attachment-id=\"21011\" data-permalink=\"https:\/\/cfdfeaservice.it\/index.php\/ingegneria-civile-antincendio\/events-time-line\/\" data-orig-file=\"https:\/\/i0.wp.com\/cfdfeaservice.it\/wp-content\/uploads\/2021\/12\/Events-time-line.png?fit=600%2C371&amp;ssl=1\" data-orig-size=\"600,371\" data-comments-opened=\"1\" data-image-meta=\"{&quot;aperture&quot;:&quot;0&quot;,&quot;credit&quot;:&quot;&quot;,&quot;camera&quot;:&quot;&quot;,&quot;caption&quot;:&quot;&quot;,&quot;created_timestamp&quot;:&quot;0&quot;,&quot;copyright&quot;:&quot;&quot;,&quot;focal_length&quot;:&quot;0&quot;,&quot;iso&quot;:&quot;0&quot;,&quot;shutter_speed&quot;:&quot;0&quot;,&quot;title&quot;:&quot;&quot;,&quot;orientation&quot;:&quot;0&quot;}\" data-image-title=\"Events-time-line\" data-image-description=\"\" data-image-caption=\"\" data-medium-file=\"https:\/\/i0.wp.com\/cfdfeaservice.it\/wp-content\/uploads\/2021\/12\/Events-time-line.png?fit=300%2C186&amp;ssl=1\" data-large-file=\"https:\/\/i0.wp.com\/cfdfeaservice.it\/wp-content\/uploads\/2021\/12\/Events-time-line.png?fit=600%2C371&amp;ssl=1\" data-id=\"21011\" src=\"https:\/\/i0.wp.com\/cfdfeaservice.it\/wp-content\/uploads\/2021\/12\/Events-time-line.png?resize=600%2C371&#038;ssl=1\" alt=\"\" class=\"wp-image-21011\" srcset=\"https:\/\/i0.wp.com\/cfdfeaservice.it\/wp-content\/uploads\/2021\/12\/Events-time-line.png?w=600&amp;ssl=1 600w, https:\/\/i0.wp.com\/cfdfeaservice.it\/wp-content\/uploads\/2021\/12\/Events-time-line.png?resize=300%2C186&amp;ssl=1 300w, https:\/\/i0.wp.com\/cfdfeaservice.it\/wp-content\/uploads\/2021\/12\/Events-time-line.png?resize=230%2C142&amp;ssl=1 230w\" sizes=\"auto, (max-width: 600px) 100vw, 600px\" \/><figcaption class=\"wp-element-caption\">Sequenza temporale di attivazione dei vari sistemi antincendio<\/figcaption><\/figure>\n<\/figure>\n\n\n\n<p>L&#8217;approccio ingegneristico \u00e8 eseguito secondo i dettami della sezione metodi, partendo dalla applicazione della RTO &#8211; Regola Tecnica Orizzontale &#8211; e dal carico d&#8217;incendio q<sub>d<\/sub>. Da queste informazioni si ottiene la curva RHR (Rate of Heat release) che specifica il rilascio termico, di particolato SOOT YELD e di CO sprigionato dall&#8217;incendio.<\/p>\n\n\n\n<p>Da queste informazioni si procede alla valutazione del cos\u00ec detto ASET (Available Safe Escape Time) applicando le soglie del regolamento ISO 13571 piuttosto che i parametri semplificati della ISO 16738. Noto l&#8217;ASET viene svolta una seconda analisi delle vie d&#8217;esodo che permette di ottenere il RSET (Required Safe Escape Time) con cui si vanno a comparare i due tempi, garantendo:<\/p>\n\n\n\n<p class=\"has-text-align-center\">RSET + t<sub>margin<\/sub>&gt; ASET<\/p>\n\n\n\n<hr class=\"wp-block-separator has-css-opacity\"\/>\n\n\n\n<div class=\"wp-block-jetpack-tiled-gallery aligncenter is-style-rectangular\"><div class=\"tiled-gallery__gallery\"><div class=\"tiled-gallery__row\"><div class=\"tiled-gallery__col\" style=\"flex-basis:50.53946%\"><figure class=\"tiled-gallery__item\"><img decoding=\"async\" data-attachment-id=\"22135\" data-permalink=\"https:\/\/cfdfeaservice.it\/index.php\/ingegneria-civile-antincendio\/datacenter\/\" data-orig-file=\"https:\/\/i0.wp.com\/cfdfeaservice.it\/wp-content\/uploads\/2023\/12\/DataCenter.gif?fit=1350%2C708&amp;ssl=1\" data-orig-size=\"1350,708\" data-comments-opened=\"1\" data-image-meta=\"{&quot;aperture&quot;:&quot;0&quot;,&quot;credit&quot;:&quot;&quot;,&quot;camera&quot;:&quot;&quot;,&quot;caption&quot;:&quot;&quot;,&quot;created_timestamp&quot;:&quot;0&quot;,&quot;copyright&quot;:&quot;&quot;,&quot;focal_length&quot;:&quot;0&quot;,&quot;iso&quot;:&quot;0&quot;,&quot;shutter_speed&quot;:&quot;0&quot;,&quot;title&quot;:&quot;&quot;,&quot;orientation&quot;:&quot;0&quot;}\" data-image-title=\"DataCenter\" data-image-description=\"\" data-image-caption=\"\" data-medium-file=\"https:\/\/i0.wp.com\/cfdfeaservice.it\/wp-content\/uploads\/2023\/12\/DataCenter.gif?fit=300%2C157&amp;ssl=1\" data-large-file=\"https:\/\/i0.wp.com\/cfdfeaservice.it\/wp-content\/uploads\/2023\/12\/DataCenter.gif?fit=750%2C393&amp;ssl=1\" data-attachment-id=\"22135\" data-permalink=\"https:\/\/cfdfeaservice.it\/index.php\/ingegneria-civile-antincendio\/datacenter\/\" data-orig-file=\"https:\/\/i0.wp.com\/cfdfeaservice.it\/wp-content\/uploads\/2023\/12\/DataCenter.gif?fit=1350%2C708&amp;ssl=1\" data-orig-size=\"1350,708\" data-comments-opened=\"1\" data-image-meta=\"{&quot;aperture&quot;:&quot;0&quot;,&quot;credit&quot;:&quot;&quot;,&quot;camera&quot;:&quot;&quot;,&quot;caption&quot;:&quot;&quot;,&quot;created_timestamp&quot;:&quot;0&quot;,&quot;copyright&quot;:&quot;&quot;,&quot;focal_length&quot;:&quot;0&quot;,&quot;iso&quot;:&quot;0&quot;,&quot;shutter_speed&quot;:&quot;0&quot;,&quot;title&quot;:&quot;&quot;,&quot;orientation&quot;:&quot;0&quot;}\" data-image-title=\"DataCenter\" data-image-description=\"\" data-image-caption=\"\" data-medium-file=\"https:\/\/i0.wp.com\/cfdfeaservice.it\/wp-content\/uploads\/2023\/12\/DataCenter.gif?fit=300%2C157&amp;ssl=1\" data-large-file=\"https:\/\/i0.wp.com\/cfdfeaservice.it\/wp-content\/uploads\/2023\/12\/DataCenter.gif?fit=750%2C393&amp;ssl=1\" role=\"button\" tabindex=\"0\" aria-label=\"Open image 1 of 2 in full-screen\"srcset=\"https:\/\/i0.wp.com\/cfdfeaservice.it\/wp-content\/uploads\/2023\/12\/DataCenter-1024x537.gif?strip=info&#038;w=600&#038;ssl=1 600w,https:\/\/i0.wp.com\/cfdfeaservice.it\/wp-content\/uploads\/2023\/12\/DataCenter-1024x537.gif?strip=info&#038;w=900&#038;ssl=1 900w,https:\/\/i0.wp.com\/cfdfeaservice.it\/wp-content\/uploads\/2023\/12\/DataCenter-1024x537.gif?strip=info&#038;w=1200&#038;ssl=1 1200w,https:\/\/i0.wp.com\/cfdfeaservice.it\/wp-content\/uploads\/2023\/12\/DataCenter-1024x537.gif?strip=info&#038;w=1350&#038;ssl=1 1350w\" alt=\"\" data-height=\"708\" data-id=\"22135\" data-link=\"https:\/\/cfdfeaservice.it\/index.php\/ingegneria-civile-antincendio\/datacenter\/\" data-url=\"https:\/\/cfdfeaservice.it\/wp-content\/uploads\/2023\/12\/DataCenter-1024x537.gif\" data-width=\"1350\" src=\"https:\/\/i0.wp.com\/cfdfeaservice.it\/wp-content\/uploads\/2023\/12\/DataCenter-1024x537.gif?ssl=1\" data-amp-layout=\"responsive\"\/><\/figure><\/div><div class=\"tiled-gallery__col\" style=\"flex-basis:49.46054%\"><figure class=\"tiled-gallery__item\"><img decoding=\"async\" data-attachment-id=\"22136\" data-permalink=\"https:\/\/cfdfeaservice.it\/index.php\/ingegneria-civile-antincendio\/frame_49_delay-0-2s\/\" data-orig-file=\"https:\/\/i0.wp.com\/cfdfeaservice.it\/wp-content\/uploads\/2023\/12\/frame_49_delay-0.2s.gif?fit=1920%2C1029&amp;ssl=1\" data-orig-size=\"1920,1029\" data-comments-opened=\"1\" data-image-meta=\"{&quot;aperture&quot;:&quot;0&quot;,&quot;credit&quot;:&quot;&quot;,&quot;camera&quot;:&quot;&quot;,&quot;caption&quot;:&quot;&quot;,&quot;created_timestamp&quot;:&quot;0&quot;,&quot;copyright&quot;:&quot;&quot;,&quot;focal_length&quot;:&quot;0&quot;,&quot;iso&quot;:&quot;0&quot;,&quot;shutter_speed&quot;:&quot;0&quot;,&quot;title&quot;:&quot;&quot;,&quot;orientation&quot;:&quot;0&quot;}\" data-image-title=\"frame_49_delay-0.2s\" data-image-description=\"\" data-image-caption=\"\" data-medium-file=\"https:\/\/i0.wp.com\/cfdfeaservice.it\/wp-content\/uploads\/2023\/12\/frame_49_delay-0.2s.gif?fit=300%2C161&amp;ssl=1\" data-large-file=\"https:\/\/i0.wp.com\/cfdfeaservice.it\/wp-content\/uploads\/2023\/12\/frame_49_delay-0.2s.gif?fit=750%2C402&amp;ssl=1\" data-attachment-id=\"22136\" data-permalink=\"https:\/\/cfdfeaservice.it\/index.php\/ingegneria-civile-antincendio\/frame_49_delay-0-2s\/\" data-orig-file=\"https:\/\/i0.wp.com\/cfdfeaservice.it\/wp-content\/uploads\/2023\/12\/frame_49_delay-0.2s.gif?fit=1920%2C1029&amp;ssl=1\" data-orig-size=\"1920,1029\" data-comments-opened=\"1\" data-image-meta=\"{&quot;aperture&quot;:&quot;0&quot;,&quot;credit&quot;:&quot;&quot;,&quot;camera&quot;:&quot;&quot;,&quot;caption&quot;:&quot;&quot;,&quot;created_timestamp&quot;:&quot;0&quot;,&quot;copyright&quot;:&quot;&quot;,&quot;focal_length&quot;:&quot;0&quot;,&quot;iso&quot;:&quot;0&quot;,&quot;shutter_speed&quot;:&quot;0&quot;,&quot;title&quot;:&quot;&quot;,&quot;orientation&quot;:&quot;0&quot;}\" data-image-title=\"frame_49_delay-0.2s\" data-image-description=\"\" data-image-caption=\"\" data-medium-file=\"https:\/\/i0.wp.com\/cfdfeaservice.it\/wp-content\/uploads\/2023\/12\/frame_49_delay-0.2s.gif?fit=300%2C161&amp;ssl=1\" data-large-file=\"https:\/\/i0.wp.com\/cfdfeaservice.it\/wp-content\/uploads\/2023\/12\/frame_49_delay-0.2s.gif?fit=750%2C402&amp;ssl=1\" role=\"button\" tabindex=\"0\" aria-label=\"Open image 2 of 2 in full-screen\"srcset=\"https:\/\/i2.wp.com\/cfdfeaservice.it\/wp-content\/uploads\/2023\/12\/frame_49_delay-0.2s-1024x549.gif?strip=info&#038;w=600&#038;ssl=1 600w,https:\/\/i2.wp.com\/cfdfeaservice.it\/wp-content\/uploads\/2023\/12\/frame_49_delay-0.2s-1024x549.gif?strip=info&#038;w=900&#038;ssl=1 900w,https:\/\/i2.wp.com\/cfdfeaservice.it\/wp-content\/uploads\/2023\/12\/frame_49_delay-0.2s-1024x549.gif?strip=info&#038;w=1200&#038;ssl=1 1200w,https:\/\/i2.wp.com\/cfdfeaservice.it\/wp-content\/uploads\/2023\/12\/frame_49_delay-0.2s-1024x549.gif?strip=info&#038;w=1500&#038;ssl=1 1500w,https:\/\/i2.wp.com\/cfdfeaservice.it\/wp-content\/uploads\/2023\/12\/frame_49_delay-0.2s-1024x549.gif?strip=info&#038;w=1800&#038;ssl=1 1800w,https:\/\/i2.wp.com\/cfdfeaservice.it\/wp-content\/uploads\/2023\/12\/frame_49_delay-0.2s-1024x549.gif?strip=info&#038;w=1920&#038;ssl=1 1920w\" alt=\"\" data-height=\"1029\" data-id=\"22136\" data-link=\"https:\/\/cfdfeaservice.it\/index.php\/ingegneria-civile-antincendio\/frame_49_delay-0-2s\/\" data-url=\"https:\/\/cfdfeaservice.it\/wp-content\/uploads\/2023\/12\/frame_49_delay-0.2s-1024x549.gif\" data-width=\"1920\" src=\"https:\/\/i2.wp.com\/cfdfeaservice.it\/wp-content\/uploads\/2023\/12\/frame_49_delay-0.2s-1024x549.gif?ssl=1\" data-amp-layout=\"responsive\"\/><\/figure><\/div><\/div><\/div><\/div>\n\n\n\n<p>Le applicazioni pi\u00f9 comuni in cui operiamo sono:<\/p>\n\n\n\n<ul class=\"wp-block-list\">\n<li>Rimesse interrate condominiali<\/li>\n\n\n\n<li>Parcheggi interrati di supermercati\/centri commerciali\/locali<\/li>\n\n\n\n<li>Spazi vendita<\/li>\n\n\n\n<li>Magazzini ad elevato carico di incendio<\/li>\n<\/ul>\n\n\n\n<hr class=\"wp-block-separator has-css-opacity\"\/>\n<p><strong>_________________________________<\/strong><\/p>\n<p><strong>CFD FEA Service SRL<\/strong> &egrave; una societ&agrave; di servizi che offre <em>consulenza<\/em> e <em>formazione<\/em> in ambito <strong>ingegneria<\/strong> e <strong>IT<\/strong>. Se questo post\/prodotto ti &egrave; piaciuto ti invitiamo a:<\/p>\n<ul>\n<li>visionare il nostro <a href=\"https:\/\/cfdfeaservice.it\/index.php\/blog\/\" target=\"_blank\" rel=\"noopener\">blog<\/a><\/li>\n<li>visionare i <a href=\"https:\/\/cfdfeaservice.it\/index.php\/prodotti\/\" target=\"_blank\" rel=\"noopener\">software<\/a> disponibili - anche per la formazione<\/li>\n<li>iscriverti alla nostra newsletter<\/li>\n<li>entrare in contatto con noi attraverso la <a href=\"https:\/\/cfdfeaservice.it\/#ribbon\" target=\"_blank\" rel=\"noopener\">pagina contatti<\/a><\/li>\n<\/ul>\n<p>Saremo lieti di seguire le tue richieste e fornire risposte alle tue domande.<\/p>","protected":false},"excerpt":{"rendered":"<p>CFD FEA SERVICE propone una serie di attivit\u00e0 di consulenza e ingegneria al supporto degli uttici tecnici, progettisti e tecnici che devono affrontare le pi\u00f9 svariate problematiche. Gli strumenti a disposizione, basati sui software opensource quali OpenFOAM, CodeAster, FDS, etc., integrati con il cloud computing ci permettono di essere efficienti [&hellip;]<\/p>\n","protected":false},"author":1,"featured_media":0,"parent":0,"menu_order":0,"comment_status":"closed","ping_status":"closed","template":"","meta":{"jetpack_post_was_ever_published":false,"footnotes":""},"class_list":["post-21009","page","type-page","status-publish","hentry"],"yoast_head":"<!-- This site is optimized with the Yoast SEO plugin v26.8 - https:\/\/yoast.com\/product\/yoast-seo-wordpress\/ -->\n<title>Ingegneria civile - antincendio - CFD FEA\/FEM Service<\/title>\n<meta name=\"description\" content=\"CFD FEA SERVICE \u00e8 partner nella consulenza e ingegneria con strumenti quali OpenFOAM, CodeAster, cloud computing, CFD, FEM, CAD e normative di riferimento.\" \/>\n<meta name=\"robots\" content=\"index, follow, max-snippet:-1, max-image-preview:large, max-video-preview:-1\" \/>\n<link rel=\"canonical\" href=\"https:\/\/cfdfeaservice.it\/index.php\/ingegneria-civile-antincendio\/\" \/>\n<meta property=\"og:locale\" content=\"en_GB\" \/>\n<meta property=\"og:type\" content=\"article\" \/>\n<meta property=\"og:title\" content=\"Ingegneria civile - antincendio - CFD FEA\/FEM Service\" \/>\n<meta property=\"og:description\" content=\"CFD FEA SERVICE \u00e8 partner nella consulenza e ingegneria con strumenti quali OpenFOAM, CodeAster, cloud computing, CFD, FEM, CAD e normative di riferimento.\" \/>\n<meta property=\"og:url\" content=\"https:\/\/cfdfeaservice.it\/index.php\/ingegneria-civile-antincendio\/\" \/>\n<meta property=\"og:site_name\" content=\"CFD FEA\/FEM Service\" \/>\n<meta property=\"article:publisher\" content=\"https:\/\/www.facebook.com\/cfdfeaservice\" \/>\n<meta property=\"article:modified_time\" content=\"2024-02-14T09:36:56+00:00\" \/>\n<meta property=\"og:image\" content=\"https:\/\/cfdfeaservice.it\/wp-content\/uploads\/2021\/12\/RHR-nel-tempo.png\" \/>\n<meta name=\"twitter:card\" content=\"summary_large_image\" \/>\n<meta name=\"twitter:label1\" content=\"Estimated reading time\" \/>\n\t<meta name=\"twitter:data1\" content=\"3 minutes\" \/>\n<script type=\"application\/ld+json\" class=\"yoast-schema-graph\">{\"@context\":\"https:\/\/schema.org\",\"@graph\":[{\"@type\":\"WebPage\",\"@id\":\"https:\/\/cfdfeaservice.it\/index.php\/ingegneria-civile-antincendio\/\",\"url\":\"https:\/\/cfdfeaservice.it\/index.php\/ingegneria-civile-antincendio\/\",\"name\":\"Ingegneria civile - antincendio - CFD FEA\/FEM Service\",\"isPartOf\":{\"@id\":\"https:\/\/cfdfeaservice.it\/#website\"},\"primaryImageOfPage\":{\"@id\":\"https:\/\/cfdfeaservice.it\/index.php\/ingegneria-civile-antincendio\/#primaryimage\"},\"image\":{\"@id\":\"https:\/\/cfdfeaservice.it\/index.php\/ingegneria-civile-antincendio\/#primaryimage\"},\"thumbnailUrl\":\"https:\/\/cfdfeaservice.it\/wp-content\/uploads\/2021\/12\/RHR-nel-tempo.png\",\"datePublished\":\"2021-12-22T09:54:41+00:00\",\"dateModified\":\"2024-02-14T09:36:56+00:00\",\"description\":\"CFD FEA SERVICE \u00e8 partner nella consulenza e ingegneria con strumenti quali OpenFOAM, CodeAster, cloud computing, CFD, FEM, CAD e normative di riferimento.\",\"breadcrumb\":{\"@id\":\"https:\/\/cfdfeaservice.it\/index.php\/ingegneria-civile-antincendio\/#breadcrumb\"},\"inLanguage\":\"en-GB\",\"potentialAction\":[{\"@type\":\"ReadAction\",\"target\":[\"https:\/\/cfdfeaservice.it\/index.php\/ingegneria-civile-antincendio\/\"]}]},{\"@type\":\"ImageObject\",\"inLanguage\":\"en-GB\",\"@id\":\"https:\/\/cfdfeaservice.it\/index.php\/ingegneria-civile-antincendio\/#primaryimage\",\"url\":\"https:\/\/i0.wp.com\/cfdfeaservice.it\/wp-content\/uploads\/2021\/12\/RHR-nel-tempo.png?fit=600%2C371&ssl=1\",\"contentUrl\":\"https:\/\/i0.wp.com\/cfdfeaservice.it\/wp-content\/uploads\/2021\/12\/RHR-nel-tempo.png?fit=600%2C371&ssl=1\",\"width\":600,\"height\":371},{\"@type\":\"BreadcrumbList\",\"@id\":\"https:\/\/cfdfeaservice.it\/index.php\/ingegneria-civile-antincendio\/#breadcrumb\",\"itemListElement\":[{\"@type\":\"ListItem\",\"position\":1,\"name\":\"Home\",\"item\":\"https:\/\/cfdfeaservice.it\/\"},{\"@type\":\"ListItem\",\"position\":2,\"name\":\"Ingegneria civile &#8211; antincendio\"}]},{\"@type\":\"WebSite\",\"@id\":\"https:\/\/cfdfeaservice.it\/#website\",\"url\":\"https:\/\/cfdfeaservice.it\/\",\"name\":\"CFD FEA\/FEM Service\",\"description\":\"Servizi di ingegneria 4.0\",\"publisher\":{\"@id\":\"https:\/\/cfdfeaservice.it\/#organization\"},\"potentialAction\":[{\"@type\":\"SearchAction\",\"target\":{\"@type\":\"EntryPoint\",\"urlTemplate\":\"https:\/\/cfdfeaservice.it\/?s={search_term_string}\"},\"query-input\":{\"@type\":\"PropertyValueSpecification\",\"valueRequired\":true,\"valueName\":\"search_term_string\"}}],\"inLanguage\":\"en-GB\"},{\"@type\":\"Organization\",\"@id\":\"https:\/\/cfdfeaservice.it\/#organization\",\"name\":\"CFD FEA SERVICE SRL\",\"url\":\"https:\/\/cfdfeaservice.it\/\",\"logo\":{\"@type\":\"ImageObject\",\"inLanguage\":\"en-GB\",\"@id\":\"https:\/\/cfdfeaservice.it\/#\/schema\/logo\/image\/\",\"url\":\"https:\/\/i2.wp.com\/cfdfeaservice.it\/wp-content\/uploads\/2018\/07\/CFD-FEA-SERVICE-Compact.png?fit=677%2C178&ssl=1\",\"contentUrl\":\"https:\/\/i2.wp.com\/cfdfeaservice.it\/wp-content\/uploads\/2018\/07\/CFD-FEA-SERVICE-Compact.png?fit=677%2C178&ssl=1\",\"width\":677,\"height\":178,\"caption\":\"CFD FEA SERVICE SRL\"},\"image\":{\"@id\":\"https:\/\/cfdfeaservice.it\/#\/schema\/logo\/image\/\"},\"sameAs\":[\"https:\/\/www.facebook.com\/cfdfeaservice\",\"https:\/\/www.linkedin.com\/company\/11421185\/\",\"https:\/\/www.youtube.com\/channel\/UCr2h1DbpsNDKJSBAgeWMbfA\"]}]}<\/script>\n<!-- \/ Yoast SEO plugin. -->","yoast_head_json":{"title":"Ingegneria civile - antincendio - CFD FEA\/FEM Service","description":"CFD FEA SERVICE \u00e8 partner nella consulenza e ingegneria con strumenti quali OpenFOAM, CodeAster, cloud computing, CFD, FEM, CAD e normative di riferimento.","robots":{"index":"index","follow":"follow","max-snippet":"max-snippet:-1","max-image-preview":"max-image-preview:large","max-video-preview":"max-video-preview:-1"},"canonical":"https:\/\/cfdfeaservice.it\/index.php\/ingegneria-civile-antincendio\/","og_locale":"en_GB","og_type":"article","og_title":"Ingegneria civile - antincendio - CFD FEA\/FEM Service","og_description":"CFD FEA SERVICE \u00e8 partner nella consulenza e ingegneria con strumenti quali OpenFOAM, CodeAster, cloud computing, CFD, FEM, CAD e normative di riferimento.","og_url":"https:\/\/cfdfeaservice.it\/index.php\/ingegneria-civile-antincendio\/","og_site_name":"CFD FEA\/FEM Service","article_publisher":"https:\/\/www.facebook.com\/cfdfeaservice","article_modified_time":"2024-02-14T09:36:56+00:00","og_image":[{"url":"https:\/\/cfdfeaservice.it\/wp-content\/uploads\/2021\/12\/RHR-nel-tempo.png","type":"","width":"","height":""}],"twitter_card":"summary_large_image","twitter_misc":{"Estimated reading time":"3 minutes"},"schema":{"@context":"https:\/\/schema.org","@graph":[{"@type":"WebPage","@id":"https:\/\/cfdfeaservice.it\/index.php\/ingegneria-civile-antincendio\/","url":"https:\/\/cfdfeaservice.it\/index.php\/ingegneria-civile-antincendio\/","name":"Ingegneria civile - antincendio - CFD FEA\/FEM Service","isPartOf":{"@id":"https:\/\/cfdfeaservice.it\/#website"},"primaryImageOfPage":{"@id":"https:\/\/cfdfeaservice.it\/index.php\/ingegneria-civile-antincendio\/#primaryimage"},"image":{"@id":"https:\/\/cfdfeaservice.it\/index.php\/ingegneria-civile-antincendio\/#primaryimage"},"thumbnailUrl":"https:\/\/cfdfeaservice.it\/wp-content\/uploads\/2021\/12\/RHR-nel-tempo.png","datePublished":"2021-12-22T09:54:41+00:00","dateModified":"2024-02-14T09:36:56+00:00","description":"CFD FEA SERVICE \u00e8 partner nella consulenza e ingegneria con strumenti quali OpenFOAM, CodeAster, cloud computing, CFD, FEM, CAD e normative di riferimento.","breadcrumb":{"@id":"https:\/\/cfdfeaservice.it\/index.php\/ingegneria-civile-antincendio\/#breadcrumb"},"inLanguage":"en-GB","potentialAction":[{"@type":"ReadAction","target":["https:\/\/cfdfeaservice.it\/index.php\/ingegneria-civile-antincendio\/"]}]},{"@type":"ImageObject","inLanguage":"en-GB","@id":"https:\/\/cfdfeaservice.it\/index.php\/ingegneria-civile-antincendio\/#primaryimage","url":"https:\/\/i0.wp.com\/cfdfeaservice.it\/wp-content\/uploads\/2021\/12\/RHR-nel-tempo.png?fit=600%2C371&ssl=1","contentUrl":"https:\/\/i0.wp.com\/cfdfeaservice.it\/wp-content\/uploads\/2021\/12\/RHR-nel-tempo.png?fit=600%2C371&ssl=1","width":600,"height":371},{"@type":"BreadcrumbList","@id":"https:\/\/cfdfeaservice.it\/index.php\/ingegneria-civile-antincendio\/#breadcrumb","itemListElement":[{"@type":"ListItem","position":1,"name":"Home","item":"https:\/\/cfdfeaservice.it\/"},{"@type":"ListItem","position":2,"name":"Ingegneria civile &#8211; antincendio"}]},{"@type":"WebSite","@id":"https:\/\/cfdfeaservice.it\/#website","url":"https:\/\/cfdfeaservice.it\/","name":"CFD FEA\/FEM Service","description":"Servizi di ingegneria 4.0","publisher":{"@id":"https:\/\/cfdfeaservice.it\/#organization"},"potentialAction":[{"@type":"SearchAction","target":{"@type":"EntryPoint","urlTemplate":"https:\/\/cfdfeaservice.it\/?s={search_term_string}"},"query-input":{"@type":"PropertyValueSpecification","valueRequired":true,"valueName":"search_term_string"}}],"inLanguage":"en-GB"},{"@type":"Organization","@id":"https:\/\/cfdfeaservice.it\/#organization","name":"CFD FEA SERVICE SRL","url":"https:\/\/cfdfeaservice.it\/","logo":{"@type":"ImageObject","inLanguage":"en-GB","@id":"https:\/\/cfdfeaservice.it\/#\/schema\/logo\/image\/","url":"https:\/\/i2.wp.com\/cfdfeaservice.it\/wp-content\/uploads\/2018\/07\/CFD-FEA-SERVICE-Compact.png?fit=677%2C178&ssl=1","contentUrl":"https:\/\/i2.wp.com\/cfdfeaservice.it\/wp-content\/uploads\/2018\/07\/CFD-FEA-SERVICE-Compact.png?fit=677%2C178&ssl=1","width":677,"height":178,"caption":"CFD FEA SERVICE SRL"},"image":{"@id":"https:\/\/cfdfeaservice.it\/#\/schema\/logo\/image\/"},"sameAs":["https:\/\/www.facebook.com\/cfdfeaservice","https:\/\/www.linkedin.com\/company\/11421185\/","https:\/\/www.youtube.com\/channel\/UCr2h1DbpsNDKJSBAgeWMbfA"]}]}},"jetpack_shortlink":"https:\/\/wp.me\/P9JrPq-5sR","jetpack_sharing_enabled":true,"_links":{"self":[{"href":"https:\/\/cfdfeaservice.it\/index.php\/wp-json\/wp\/v2\/pages\/21009","targetHints":{"allow":["GET"]}}],"collection":[{"href":"https:\/\/cfdfeaservice.it\/index.php\/wp-json\/wp\/v2\/pages"}],"about":[{"href":"https:\/\/cfdfeaservice.it\/index.php\/wp-json\/wp\/v2\/types\/page"}],"author":[{"embeddable":true,"href":"https:\/\/cfdfeaservice.it\/index.php\/wp-json\/wp\/v2\/users\/1"}],"replies":[{"embeddable":true,"href":"https:\/\/cfdfeaservice.it\/index.php\/wp-json\/wp\/v2\/comments?post=21009"}],"version-history":[{"count":6,"href":"https:\/\/cfdfeaservice.it\/index.php\/wp-json\/wp\/v2\/pages\/21009\/revisions"}],"predecessor-version":[{"id":22217,"href":"https:\/\/cfdfeaservice.it\/index.php\/wp-json\/wp\/v2\/pages\/21009\/revisions\/22217"}],"wp:attachment":[{"href":"https:\/\/cfdfeaservice.it\/index.php\/wp-json\/wp\/v2\/media?parent=21009"}],"curies":[{"name":"wp","href":"https:\/\/api.w.org\/{rel}","templated":true}]}}