{"id":380,"date":"2018-01-05T17:34:58","date_gmt":"2018-01-05T16:34:58","guid":{"rendered":"https:\/\/cfdfeaservice.it\/index.php\/hestia-front\/"},"modified":"2018-01-05T17:53:27","modified_gmt":"2018-01-05T16:53:27","slug":"hestia-front","status":"publish","type":"page","link":"https:\/\/cfdfeaservice.it\/index.php\/hestia-front\/","title":{"rendered":"Front Page"},"content":{"rendered":"<h2 style=\"text-align: center\"><strong>Software per l&#8217;ingegneria<\/strong><\/h2>\n<table style=\"width: 80%\" align=\"center\">\n<tbody>\n<tr valign=\"middle\">\n<td width=\"20%\" style=\"text-align: center\"><a href=\"https:\/\/openfoam.org\/\" target=\"_blank\" rel=\"noopener\"><img data-recalc-dims=\"1\" decoding=\"async\" src=\"https:\/\/i0.wp.com\/cfdfeaservice.it\/wp-content\/uploads\/2018\/01\/CFDfoundationLogoDark-600x600.png?w=80&#038;ssl=1\"  alt=\"\" class=\"aligncenter\" \/><\/a><\/td>\n<td>OpenFOAM (Open Field Operation and Manipulation) \u00e8 principalmente un toolbox C++ per customizzare ed estendere soluzioni software per la simulazione. \u00c8 un finalizzatore (solver) basato sulla teoria della meccanica dei continui che include la Fluidodinamica computazionale (CFD, Computational Fluid Dynamics). Viene fornito con una estesa libreria di solvers, sempre ampliata, applicabile ad una generalit\u00e0 di problemi. OpenFOAM \u00e8 uno dei primi maggiori pacchetti software scientifici scritti in C++. \u00c8 prodotto dalla societ\u00e0 britannica OpenCFD Ltd. e rilasciato sotto la licenza GPL.<\/td>\n<\/tr>\n<tr valign=\"middle\">\n<td width=\"20%\" style=\"text-align: center\"><a href=\"https:\/\/pages.nist.gov\/fds-smv\/\" target=\"_blank\" rel=\"noopener\"><img data-recalc-dims=\"1\" decoding=\"async\" src=\"https:\/\/i0.wp.com\/cfdfeaservice.it\/wp-content\/uploads\/2018\/01\/NIST_logo.svg_-1.png?w=120&#038;ssl=1\"  alt=\"\" class=\"aligncenter\" \/><\/a><\/td>\n<td>Fire Dynamics Simulator (FDS) \u00e8 un software CFD che usa lo schema numerico LES (Large Eddy Simulation) per la risoluzione delle equazioni di Navier-Stokes, specificatamente studiate per i flussi a bassa velocit\u00e0 con enfasi nel trasporto di fumo e calore proveniente da un carico di incendio. Si tratta di un software opensource, sviluppato dal National Institute of Standards and Technology (NIST) in cooperazione con il centro di ricerca VTT in Finlandia. I risultati delle simulazioni sono visualizzabili usando Smokeview.<\/td>\n<\/tr>\n<tr valign=\"middle\">\n<td><a href=\"https:\/\/www.paraview.org\/\" target=\"_blank\" rel=\"noopener\"><img data-recalc-dims=\"1\" loading=\"lazy\" decoding=\"async\" src=\"https:\/\/i0.wp.com\/cfdfeaservice.it\/wp-content\/uploads\/2018\/01\/paraview_logo-1.png?resize=126%2C33&#038;ssl=1\" width=\"126\" height=\"33\" class=\"aligncenter\" \/><\/a><\/td>\n<td>ParaView \u00e8 un&#8217;applicazione a piattaforma open source per la visualizzazione interattiva e scientifica. Ha un&#8217;architettura client-server per facilitare la visualizzazione remota dei set di dati e genera modelli di dettaglio (LOD) per mantenere tassi di frame interattivi per i set di dati di grandi dimensioni. \u00c8 un&#8217;applicazione costruita in cima alle librerie di Visualization Toolkit (VTK). ParaView \u00e8 un&#8217;applicazione progettata per il parallelismo dei dati su multicomputers e cluster di memoria condivisa o distribuiti. Pu\u00f2 anche essere eseguito come un&#8217;applicazione singola computer.<\/td>\n<\/tr>\n<tr valign=\"middle\">\n<td><a href=\"http:\/\/www.salome-platform.org\/\" target=\"_blank\" rel=\"noopener\"><img data-recalc-dims=\"1\" loading=\"lazy\" decoding=\"async\" src=\"https:\/\/i0.wp.com\/cfdfeaservice.it\/wp-content\/uploads\/2018\/01\/SalomeMeca2015-1.png?resize=126%2C33&#038;ssl=1\" width=\"126\" height=\"33\" class=\"aligncenter\" \/><\/a><\/td>\n<td>SALOME \u00e8 una piattaforma CAE che integra soluzioni open source per la simulazione, meshing, il calcolo numerico sul modello (solving) e la visualizzazione ed analisi dei risultati (post-processing o visualization). \u00c8 basata su una architettura aperta e flessibile ideata per il riutilizzo dei componenti. Le librerie software SALOME possono essere usate da sole oppure assieme ad applicativi di terze parti per l&#8217;intero ciclo di vita di gestione del modello CAD. \u00c8 open source, rilasciata sotto la GNU Lesser General Public License; i componenti software, eseguibili e sorgenti, sono scaricabili dal sito ufficiale.<\/td>\n<\/tr>\n<tr valign=\"middle\">\n<td><a href=\"https:\/\/www.code-aster.org\/spip.php?rubrique2\" target=\"_blank\" rel=\"noopener\"><img data-recalc-dims=\"1\" loading=\"lazy\" decoding=\"async\" src=\"https:\/\/i0.wp.com\/cfdfeaservice.it\/wp-content\/uploads\/2018\/01\/siteon0-1.png?resize=126%2C33&#038;ssl=1\" width=\"126\" height=\"33\" class=\"aligncenter\" \/><\/a><\/td>\n<td>Code_Aster \u00e8 un software libero di simulazione numerica dei materiali e delle strutture meccaniche, sviluppato principalmente dal dipartimento \u00abAnalyses M\u00e9caniques et Acoustiques\u00bb del servizio Recherche et D\u00e9veloppement (R&amp;D; originariamente DER) di EDF &#8211; \u00c9lectricit\u00e9 de France.<\/td>\n<\/tr>\n<tr valign=\"middle\">\n<td><a href=\"https:\/\/www.freecadweb.org\/\" target=\"_blank\" rel=\"noopener\"><img data-recalc-dims=\"1\" decoding=\"async\" src=\"https:\/\/i0.wp.com\/cfdfeaservice.it\/wp-content\/uploads\/2018\/01\/2000px-FreeCAD-logo.svg_-1.png?w=60&#038;ssl=1\"  class=\"aligncenter\" \/><\/a><\/td>\n<td>FreeCAD \u00e8 un programma libero di tipo CAD 3D generalista. Una delle principali attenzioni di FreeCAD \u00e8 di fare pesante uso di altre librerie open-source: \u00e8 infatti basato su Open CASCADE, una piattaforma di sviluppo software composta da librerie, componenti e servizi utilizzata per lo sviluppo della maggior parte dei programmi di CAD\/CAE liberi, Coin3D (una creazione di Open Inventor), le librerie grafiche (GUI) Qt Framework, e Python, un popolare linguaggio di scripting\/programmazione. Lo stesso FreeCAD a sua volta pu\u00f2 inoltre essere usato come libreria software da altri programmi CAD\/CAE.<\/td>\n<\/tr>\n<\/tbody>\n<\/table>\n<p><strong>_________________________________<\/strong><\/p>\n<p><strong>CFD FEA Service SRL<\/strong> &egrave; una societ&agrave; di servizi che offre <em>consulenza<\/em> e <em>formazione<\/em> in ambito <strong>ingegneria<\/strong> e <strong>IT<\/strong>. Se questo post\/prodotto ti &egrave; piaciuto ti invitiamo a:<\/p>\n<ul>\n<li>visionare il nostro <a href=\"https:\/\/cfdfeaservice.it\/index.php\/blog\/\" target=\"_blank\" rel=\"noopener\">blog<\/a><\/li>\n<li>visionare i <a href=\"https:\/\/cfdfeaservice.it\/index.php\/prodotti\/\" target=\"_blank\" rel=\"noopener\">software<\/a> disponibili - anche per la formazione<\/li>\n<li>iscriverti alla nostra newsletter<\/li>\n<li>entrare in contatto con noi attraverso la <a href=\"https:\/\/cfdfeaservice.it\/#ribbon\" target=\"_blank\" rel=\"noopener\">pagina contatti<\/a><\/li>\n<\/ul>\n<p>Saremo lieti di seguire le tue richieste e fornire risposte alle tue domande.<\/p>","protected":false},"excerpt":{"rendered":"<p>Software per l&#8217;ingegneria OpenFOAM (Open Field Operation and Manipulation) \u00e8 principalmente un toolbox C++ per customizzare ed estendere soluzioni software per la simulazione. \u00c8 un finalizzatore (solver) basato sulla teoria della meccanica dei continui che include la Fluidodinamica computazionale (CFD, Computational Fluid Dynamics). Viene fornito con una estesa libreria di [&hellip;]<\/p>\n","protected":false},"author":1,"featured_media":145,"parent":0,"menu_order":0,"comment_status":"closed","ping_status":"closed","template":"","meta":{"jetpack_post_was_ever_published":false,"footnotes":""},"class_list":["post-380","page","type-page","status-publish","has-post-thumbnail","hentry"],"yoast_head":"<!-- This site is optimized with the Yoast SEO plugin v26.8 - https:\/\/yoast.com\/product\/yoast-seo-wordpress\/ -->\n<title>Front Page - CFD FEA\/FEM Service<\/title>\n<meta name=\"robots\" content=\"index, follow, max-snippet:-1, max-image-preview:large, max-video-preview:-1\" \/>\n<link rel=\"canonical\" href=\"https:\/\/cfdfeaservice.it\/index.php\/hestia-front\/\" \/>\n<meta property=\"og:locale\" content=\"en_GB\" \/>\n<meta property=\"og:type\" content=\"article\" \/>\n<meta property=\"og:title\" content=\"Front Page - CFD FEA\/FEM Service\" \/>\n<meta property=\"og:description\" content=\"Software per l&#8217;ingegneria OpenFOAM (Open Field Operation and Manipulation) \u00e8 principalmente un toolbox C++ per customizzare ed estendere soluzioni software per la simulazione. \u00c8 un finalizzatore (solver) basato sulla teoria della meccanica dei continui che include la Fluidodinamica computazionale (CFD, Computational Fluid Dynamics). Viene fornito con una estesa libreria di [&hellip;]\" \/>\n<meta property=\"og:url\" content=\"https:\/\/cfdfeaservice.it\/index.php\/hestia-front\/\" \/>\n<meta property=\"og:site_name\" content=\"CFD FEA\/FEM Service\" \/>\n<meta property=\"article:publisher\" content=\"https:\/\/www.facebook.com\/cfdfeaservice\" \/>\n<meta property=\"article:modified_time\" content=\"2018-01-05T16:53:27+00:00\" \/>\n<meta property=\"og:image\" content=\"https:\/\/i2.wp.com\/cfdfeaservice.it\/wp-content\/uploads\/2017\/11\/cae2.png?fit=1329%2C818&ssl=1\" \/>\n\t<meta property=\"og:image:width\" content=\"1329\" \/>\n\t<meta property=\"og:image:height\" content=\"818\" \/>\n\t<meta property=\"og:image:type\" content=\"image\/png\" \/>\n<meta name=\"twitter:card\" content=\"summary_large_image\" \/>\n<meta name=\"twitter:label1\" content=\"Estimated reading time\" \/>\n\t<meta name=\"twitter:data1\" content=\"2 minutes\" \/>\n<script type=\"application\/ld+json\" class=\"yoast-schema-graph\">{\"@context\":\"https:\/\/schema.org\",\"@graph\":[{\"@type\":\"WebPage\",\"@id\":\"https:\/\/cfdfeaservice.it\/index.php\/hestia-front\/\",\"url\":\"https:\/\/cfdfeaservice.it\/index.php\/hestia-front\/\",\"name\":\"Front Page - CFD FEA\/FEM Service\",\"isPartOf\":{\"@id\":\"https:\/\/cfdfeaservice.it\/#website\"},\"primaryImageOfPage\":{\"@id\":\"https:\/\/cfdfeaservice.it\/index.php\/hestia-front\/#primaryimage\"},\"image\":{\"@id\":\"https:\/\/cfdfeaservice.it\/index.php\/hestia-front\/#primaryimage\"},\"thumbnailUrl\":\"https:\/\/i0.wp.com\/cfdfeaservice.it\/wp-content\/uploads\/2017\/11\/cae2.png?fit=1329%2C818&ssl=1\",\"datePublished\":\"2018-01-05T16:34:58+00:00\",\"dateModified\":\"2018-01-05T16:53:27+00:00\",\"breadcrumb\":{\"@id\":\"https:\/\/cfdfeaservice.it\/index.php\/hestia-front\/#breadcrumb\"},\"inLanguage\":\"en-GB\",\"potentialAction\":[{\"@type\":\"ReadAction\",\"target\":[\"https:\/\/cfdfeaservice.it\/index.php\/hestia-front\/\"]}]},{\"@type\":\"ImageObject\",\"inLanguage\":\"en-GB\",\"@id\":\"https:\/\/cfdfeaservice.it\/index.php\/hestia-front\/#primaryimage\",\"url\":\"https:\/\/i0.wp.com\/cfdfeaservice.it\/wp-content\/uploads\/2017\/11\/cae2.png?fit=1329%2C818&ssl=1\",\"contentUrl\":\"https:\/\/i0.wp.com\/cfdfeaservice.it\/wp-content\/uploads\/2017\/11\/cae2.png?fit=1329%2C818&ssl=1\",\"width\":1329,\"height\":818},{\"@type\":\"BreadcrumbList\",\"@id\":\"https:\/\/cfdfeaservice.it\/index.php\/hestia-front\/#breadcrumb\",\"itemListElement\":[{\"@type\":\"ListItem\",\"position\":1,\"name\":\"Home\",\"item\":\"https:\/\/cfdfeaservice.it\/\"},{\"@type\":\"ListItem\",\"position\":2,\"name\":\"Front Page\"}]},{\"@type\":\"WebSite\",\"@id\":\"https:\/\/cfdfeaservice.it\/#website\",\"url\":\"https:\/\/cfdfeaservice.it\/\",\"name\":\"CFD FEA\/FEM Service\",\"description\":\"Servizi di ingegneria 4.0\",\"publisher\":{\"@id\":\"https:\/\/cfdfeaservice.it\/#organization\"},\"potentialAction\":[{\"@type\":\"SearchAction\",\"target\":{\"@type\":\"EntryPoint\",\"urlTemplate\":\"https:\/\/cfdfeaservice.it\/?s={search_term_string}\"},\"query-input\":{\"@type\":\"PropertyValueSpecification\",\"valueRequired\":true,\"valueName\":\"search_term_string\"}}],\"inLanguage\":\"en-GB\"},{\"@type\":\"Organization\",\"@id\":\"https:\/\/cfdfeaservice.it\/#organization\",\"name\":\"CFD FEA SERVICE SRL\",\"url\":\"https:\/\/cfdfeaservice.it\/\",\"logo\":{\"@type\":\"ImageObject\",\"inLanguage\":\"en-GB\",\"@id\":\"https:\/\/cfdfeaservice.it\/#\/schema\/logo\/image\/\",\"url\":\"https:\/\/i2.wp.com\/cfdfeaservice.it\/wp-content\/uploads\/2018\/07\/CFD-FEA-SERVICE-Compact.png?fit=677%2C178&ssl=1\",\"contentUrl\":\"https:\/\/i2.wp.com\/cfdfeaservice.it\/wp-content\/uploads\/2018\/07\/CFD-FEA-SERVICE-Compact.png?fit=677%2C178&ssl=1\",\"width\":677,\"height\":178,\"caption\":\"CFD FEA SERVICE SRL\"},\"image\":{\"@id\":\"https:\/\/cfdfeaservice.it\/#\/schema\/logo\/image\/\"},\"sameAs\":[\"https:\/\/www.facebook.com\/cfdfeaservice\",\"https:\/\/www.linkedin.com\/company\/11421185\/\",\"https:\/\/www.youtube.com\/channel\/UCr2h1DbpsNDKJSBAgeWMbfA\"]}]}<\/script>\n<!-- \/ Yoast SEO plugin. -->","yoast_head_json":{"title":"Front Page - CFD FEA\/FEM Service","robots":{"index":"index","follow":"follow","max-snippet":"max-snippet:-1","max-image-preview":"max-image-preview:large","max-video-preview":"max-video-preview:-1"},"canonical":"https:\/\/cfdfeaservice.it\/index.php\/hestia-front\/","og_locale":"en_GB","og_type":"article","og_title":"Front Page - CFD FEA\/FEM Service","og_description":"Software per l&#8217;ingegneria OpenFOAM (Open Field Operation and Manipulation) \u00e8 principalmente un toolbox C++ per customizzare ed estendere soluzioni software per la simulazione. \u00c8 un finalizzatore (solver) basato sulla teoria della meccanica dei continui che include la Fluidodinamica computazionale (CFD, Computational Fluid Dynamics). Viene fornito con una estesa libreria di [&hellip;]","og_url":"https:\/\/cfdfeaservice.it\/index.php\/hestia-front\/","og_site_name":"CFD FEA\/FEM Service","article_publisher":"https:\/\/www.facebook.com\/cfdfeaservice","article_modified_time":"2018-01-05T16:53:27+00:00","og_image":[{"width":1329,"height":818,"url":"https:\/\/i2.wp.com\/cfdfeaservice.it\/wp-content\/uploads\/2017\/11\/cae2.png?fit=1329%2C818&ssl=1","type":"image\/png"}],"twitter_card":"summary_large_image","twitter_misc":{"Estimated reading time":"2 minutes"},"schema":{"@context":"https:\/\/schema.org","@graph":[{"@type":"WebPage","@id":"https:\/\/cfdfeaservice.it\/index.php\/hestia-front\/","url":"https:\/\/cfdfeaservice.it\/index.php\/hestia-front\/","name":"Front Page - CFD FEA\/FEM Service","isPartOf":{"@id":"https:\/\/cfdfeaservice.it\/#website"},"primaryImageOfPage":{"@id":"https:\/\/cfdfeaservice.it\/index.php\/hestia-front\/#primaryimage"},"image":{"@id":"https:\/\/cfdfeaservice.it\/index.php\/hestia-front\/#primaryimage"},"thumbnailUrl":"https:\/\/i0.wp.com\/cfdfeaservice.it\/wp-content\/uploads\/2017\/11\/cae2.png?fit=1329%2C818&ssl=1","datePublished":"2018-01-05T16:34:58+00:00","dateModified":"2018-01-05T16:53:27+00:00","breadcrumb":{"@id":"https:\/\/cfdfeaservice.it\/index.php\/hestia-front\/#breadcrumb"},"inLanguage":"en-GB","potentialAction":[{"@type":"ReadAction","target":["https:\/\/cfdfeaservice.it\/index.php\/hestia-front\/"]}]},{"@type":"ImageObject","inLanguage":"en-GB","@id":"https:\/\/cfdfeaservice.it\/index.php\/hestia-front\/#primaryimage","url":"https:\/\/i0.wp.com\/cfdfeaservice.it\/wp-content\/uploads\/2017\/11\/cae2.png?fit=1329%2C818&ssl=1","contentUrl":"https:\/\/i0.wp.com\/cfdfeaservice.it\/wp-content\/uploads\/2017\/11\/cae2.png?fit=1329%2C818&ssl=1","width":1329,"height":818},{"@type":"BreadcrumbList","@id":"https:\/\/cfdfeaservice.it\/index.php\/hestia-front\/#breadcrumb","itemListElement":[{"@type":"ListItem","position":1,"name":"Home","item":"https:\/\/cfdfeaservice.it\/"},{"@type":"ListItem","position":2,"name":"Front Page"}]},{"@type":"WebSite","@id":"https:\/\/cfdfeaservice.it\/#website","url":"https:\/\/cfdfeaservice.it\/","name":"CFD FEA\/FEM Service","description":"Servizi di ingegneria 4.0","publisher":{"@id":"https:\/\/cfdfeaservice.it\/#organization"},"potentialAction":[{"@type":"SearchAction","target":{"@type":"EntryPoint","urlTemplate":"https:\/\/cfdfeaservice.it\/?s={search_term_string}"},"query-input":{"@type":"PropertyValueSpecification","valueRequired":true,"valueName":"search_term_string"}}],"inLanguage":"en-GB"},{"@type":"Organization","@id":"https:\/\/cfdfeaservice.it\/#organization","name":"CFD FEA SERVICE SRL","url":"https:\/\/cfdfeaservice.it\/","logo":{"@type":"ImageObject","inLanguage":"en-GB","@id":"https:\/\/cfdfeaservice.it\/#\/schema\/logo\/image\/","url":"https:\/\/i2.wp.com\/cfdfeaservice.it\/wp-content\/uploads\/2018\/07\/CFD-FEA-SERVICE-Compact.png?fit=677%2C178&ssl=1","contentUrl":"https:\/\/i2.wp.com\/cfdfeaservice.it\/wp-content\/uploads\/2018\/07\/CFD-FEA-SERVICE-Compact.png?fit=677%2C178&ssl=1","width":677,"height":178,"caption":"CFD FEA SERVICE SRL"},"image":{"@id":"https:\/\/cfdfeaservice.it\/#\/schema\/logo\/image\/"},"sameAs":["https:\/\/www.facebook.com\/cfdfeaservice","https:\/\/www.linkedin.com\/company\/11421185\/","https:\/\/www.youtube.com\/channel\/UCr2h1DbpsNDKJSBAgeWMbfA"]}]}},"jetpack_shortlink":"https:\/\/wp.me\/P9JrPq-68","jetpack_sharing_enabled":true,"_links":{"self":[{"href":"https:\/\/cfdfeaservice.it\/index.php\/wp-json\/wp\/v2\/pages\/380","targetHints":{"allow":["GET"]}}],"collection":[{"href":"https:\/\/cfdfeaservice.it\/index.php\/wp-json\/wp\/v2\/pages"}],"about":[{"href":"https:\/\/cfdfeaservice.it\/index.php\/wp-json\/wp\/v2\/types\/page"}],"author":[{"embeddable":true,"href":"https:\/\/cfdfeaservice.it\/index.php\/wp-json\/wp\/v2\/users\/1"}],"replies":[{"embeddable":true,"href":"https:\/\/cfdfeaservice.it\/index.php\/wp-json\/wp\/v2\/comments?post=380"}],"version-history":[{"count":1,"href":"https:\/\/cfdfeaservice.it\/index.php\/wp-json\/wp\/v2\/pages\/380\/revisions"}],"predecessor-version":[{"id":382,"href":"https:\/\/cfdfeaservice.it\/index.php\/wp-json\/wp\/v2\/pages\/380\/revisions\/382"}],"wp:featuredmedia":[{"embeddable":true,"href":"https:\/\/cfdfeaservice.it\/index.php\/wp-json\/wp\/v2\/media\/145"}],"wp:attachment":[{"href":"https:\/\/cfdfeaservice.it\/index.php\/wp-json\/wp\/v2\/media?parent=380"}],"curies":[{"name":"wp","href":"https:\/\/api.w.org\/{rel}","templated":true}]}}