{"id":489,"date":"2018-01-22T14:02:34","date_gmt":"2018-01-22T13:02:34","guid":{"rendered":"https:\/\/cfdfeaservice.it\/?post_type=product&#038;p=489"},"modified":"2026-02-14T14:15:21","modified_gmt":"2026-02-14T13:15:21","slug":"openfoam","status":"publish","type":"product","link":"https:\/\/cfdfeaservice.it\/index.php\/prodotto\/openfoam\/","title":{"rendered":"OpenFOAM"},"content":{"rendered":"<p><b>OpenFOAM<\/b><span>\u00a0<\/span>(<i>Open<span>\u00a0<\/span><b>F<\/b>ield<span>\u00a0<\/span><b>O<\/b>peration<span>\u00a0<\/span><b>a<\/b>nd<span>\u00a0<\/span><b>M<\/b>anipulation<\/i>) \u00e8 soprattutto un<span>\u00a0<\/span>toolbox<span>\u00a0<\/span>C++<span>\u00a0<\/span>per customizzare ed estendere soluzioni software per la<span>\u00a0<\/span>simulazione. \u00c8 un finalizzatore (solver) basato sulla teoria della<span>\u00a0<\/span>meccanica dei continui<span>\u00a0<\/span>che include la<span>\u00a0<\/span>Fluidodinamica computazionale<span>\u00a0<\/span>(<b>CFD<\/b>,<span>\u00a0<\/span><i>Computational Fluid Dynamics<\/i>). Viene fornito con una estesa libreria di solvers, sempre ampliata, applicabile ad una generalit\u00e0 di problemi.<br \/>\nOpenFOAM \u00e8 uno dei primi maggiori pacchetti software scientifici scritti in C++. \u00c8 prodotto dalla societ\u00e0 britannica<span>\u00a0<\/span><i>OpenCFD Ltd.<\/i><span>\u00a0<\/span>e rilasciato sotto la licenza<span>\u00a0<\/span>GPL.<\/p>\n<h2>Funzionalit\u00e0 principali<\/h2>\n<p>OpenFOAM si confronta con successo con le funzionalit\u00e0 dei maggiori pacchetti software CFD commerciali. In particolare, esso si basa sulla scelta degli utenti di utility di pre e post-processing di terze parti, e viene fornito come:<\/p>\n<ul>\n<li>un plugin (paraFoam) per la visualizzazione dei dati finiti e mesh in ParaView.<\/li>\n<li>ampia variet\u00e0 di convertitori delle griglie tridimensionali permettendo l&#8217;importazione da una serie di importanti pacchetti commerciali<\/li>\n<li>un mesher automatico di esaedri per creare le griglie poligonali per le configurazioni in ingegneria.<\/li>\n<\/ul>\n<p>OpenFOAM \u00e8 stato inoltre concepito come piattaforma per la meccanica dei continui ma \u00e8 ideale per creare simulazioni in vari ambiti della fisica. Per esempio, viene fornito con una libreria di solvers (risolutori) per monitorare in modo efficiente le particelle nei flussi multifasici (polifasici) usando l&#8217;approccio Eulero\/Lagrange.<\/p>\n<p>Gli<span>\u00a0<\/span><i>Standard Solvers<\/i><span>\u00a0di OpenFOAM\u00a0<\/span>includono, ad esempio:<\/p>\n<ul>\n<li>Basic CFD (fluidodinamica computazionale di base)<\/li>\n<li>Fluidi incomprimibili<\/li>\n<li>Flussi comprimibili<\/li>\n<li>Simulazioni multifasiche<\/li>\n<li>DNS e LES<\/li>\n<li>Particle-tracking flussi (tracciamento delle particelle)<\/li>\n<li>Combustione<\/li>\n<li>Trasferimento termico<\/li>\n<li>Dinamica molecolare<\/li>\n<li>Simulazione diretta<span>\u00a0<\/span>Monte Carlo<\/li>\n<li>Elettromagnetismo<\/li>\n<li>Dinamica dei solidi<\/li>\n<li>Finanza (flussi finanziari)<\/li>\n<\/ul>\n<h2>Maggiori informazioni<\/h2>\n<p>Per coloro che volessero maggiori informazioni, nel nostro blog troverete una sezione interamente dedicata ad <a href=\"https:\/\/cfdfeaservice.it\/index.php\/category\/cfd\/openfoam\/\" target=\"_blank\" rel=\"noopener\">OpenFOAM<\/a> con ulteriori informazioni e molti di suggerimenti utili per l&#8217;uso quotidiano.<\/p>\n<h2>I nostri servizi<\/h2>\n<div class=\"thumb tright\">\n<p>CFD FEA Service fornisce formazione a 360\u00b0 riguardo l&#8217;utilizzo di OpenFOAM. In particolare sviluppiamo, assieme al cliente, script ed eseguibili ad-hoc per l&#8217;utilizzo proficuo di OpenFOAM in ambito industriale. A completare l&#8217;offerta, attraverso il servizio di cloud-computing \u00e8 possibile noleggiare risorse di calcolo on-demand, riducendo al minimo l&#8217;investimento per l&#8217;utilizzo di questa tipologia di software.<\/p>\n<h4>CONTATTACI<\/h4>\n<p>Qualora le informazioni qui presenti non fossero sufficienti, affinch\u00e8 riusciate a conoscere come come CFD FEA Service pu\u00f2 assistervi contattaci attraverso il seguente form:<\/p>\n<p><strong><code>[pirate_forms]<\/code><\/strong><\/p>\n<\/div>\n<p><strong>_________________________________<\/strong><\/p>\n<p><strong>CFD FEA Service SRL<\/strong> &egrave; una societ&agrave; di servizi che offre <em>consulenza<\/em> e <em>formazione<\/em> in ambito <strong>ingegneria<\/strong> e <strong>IT<\/strong>. Se questo post\/prodotto ti &egrave; piaciuto ti invitiamo a:<\/p>\n<ul>\n<li>visionare il nostro <a href=\"https:\/\/cfdfeaservice.it\/index.php\/blog\/\" target=\"_blank\" rel=\"noopener\">blog<\/a><\/li>\n<li>visionare i <a href=\"https:\/\/cfdfeaservice.it\/index.php\/prodotti\/\" target=\"_blank\" rel=\"noopener\">software<\/a> disponibili - anche per la formazione<\/li>\n<li>iscriverti alla nostra newsletter<\/li>\n<li>entrare in contatto con noi attraverso la <a href=\"https:\/\/cfdfeaservice.it\/#ribbon\" target=\"_blank\" rel=\"noopener\">pagina contatti<\/a><\/li>\n<\/ul>\n<p>Saremo lieti di seguire le tue richieste e fornire risposte alle tue domande.<\/p>","protected":false},"excerpt":{"rendered":"<p>La CFD diviene open-source e accessibile a tutti.<\/p>\n","protected":false},"featured_media":607,"comment_status":"open","ping_status":"closed","template":"","meta":{"jetpack_post_was_ever_published":false},"product_brand":[],"product_cat":[40],"product_tag":[],"class_list":{"0":"post-489","1":"product","2":"type-product","3":"status-publish","4":"has-post-thumbnail","6":"product_cat-cfd","8":"first","9":"instock","10":"virtual","11":"taxable","12":"product-type-simple"},"yoast_head":"<!-- This site is optimized with the Yoast SEO plugin v26.8 - https:\/\/yoast.com\/product\/yoast-seo-wordpress\/ -->\n<title>OpenFOAM - CFD FEA\/FEM Service<\/title>\n<meta name=\"description\" content=\"Formazione completa di OpenFOAM. Attivit\u00e0 di formazione co-finanziata per introdurre OpenFOAM all&#039;interno delle societ\u00e0. Creazione di script\/eseguibili per facilitare l&#039;utilizzo anche agli utenti meno esperti.\" \/>\n<meta name=\"robots\" content=\"index, follow, max-snippet:-1, max-image-preview:large, max-video-preview:-1\" \/>\n<link rel=\"canonical\" href=\"https:\/\/cfdfeaservice.it\/index.php\/prodotto\/openfoam\/\" \/>\n<meta property=\"og:locale\" content=\"en_GB\" \/>\n<meta property=\"og:type\" content=\"article\" \/>\n<meta property=\"og:title\" content=\"OpenFOAM - CFD FEA\/FEM Service\" \/>\n<meta property=\"og:description\" content=\"Formazione completa di OpenFOAM. Attivit\u00e0 di formazione co-finanziata per introdurre OpenFOAM all&#039;interno delle societ\u00e0. Creazione di script\/eseguibili per facilitare l&#039;utilizzo anche agli utenti meno esperti.\" \/>\n<meta property=\"og:url\" content=\"https:\/\/cfdfeaservice.it\/index.php\/prodotto\/openfoam\/\" \/>\n<meta property=\"og:site_name\" content=\"CFD FEA\/FEM Service\" \/>\n<meta property=\"article:publisher\" content=\"https:\/\/www.facebook.com\/cfdfeaservice\" \/>\n<meta property=\"article:modified_time\" content=\"2026-02-14T13:15:21+00:00\" \/>\n<meta property=\"og:image\" content=\"https:\/\/i1.wp.com\/cfdfeaservice.it\/wp-content\/uploads\/2018\/01\/OpenFOAM-new.png?fit=351%2C111&ssl=1\" \/>\n\t<meta property=\"og:image:width\" content=\"351\" \/>\n\t<meta property=\"og:image:height\" content=\"111\" \/>\n\t<meta property=\"og:image:type\" content=\"image\/png\" \/>\n<meta name=\"twitter:card\" content=\"summary_large_image\" \/>\n<meta name=\"twitter:label1\" content=\"Estimated reading time\" \/>\n\t<meta name=\"twitter:data1\" content=\"2 minutes\" \/>\n<script type=\"application\/ld+json\" class=\"yoast-schema-graph\">{\"@context\":\"https:\/\/schema.org\",\"@graph\":[{\"@type\":\"WebPage\",\"@id\":\"https:\/\/cfdfeaservice.it\/index.php\/prodotto\/openfoam\/\",\"url\":\"https:\/\/cfdfeaservice.it\/index.php\/prodotto\/openfoam\/\",\"name\":\"OpenFOAM - CFD FEA\/FEM Service\",\"isPartOf\":{\"@id\":\"https:\/\/cfdfeaservice.it\/#website\"},\"primaryImageOfPage\":{\"@id\":\"https:\/\/cfdfeaservice.it\/index.php\/prodotto\/openfoam\/#primaryimage\"},\"image\":{\"@id\":\"https:\/\/cfdfeaservice.it\/index.php\/prodotto\/openfoam\/#primaryimage\"},\"thumbnailUrl\":\"https:\/\/i0.wp.com\/cfdfeaservice.it\/wp-content\/uploads\/2018\/01\/OpenFOAM-new.png?fit=351%2C111&ssl=1\",\"datePublished\":\"2018-01-22T13:02:34+00:00\",\"dateModified\":\"2026-02-14T13:15:21+00:00\",\"description\":\"Formazione completa di OpenFOAM. Attivit\u00e0 di formazione co-finanziata per introdurre OpenFOAM all'interno delle societ\u00e0. Creazione di script\/eseguibili per facilitare l'utilizzo anche agli utenti meno esperti.\",\"breadcrumb\":{\"@id\":\"https:\/\/cfdfeaservice.it\/index.php\/prodotto\/openfoam\/#breadcrumb\"},\"inLanguage\":\"en-GB\",\"potentialAction\":[{\"@type\":\"ReadAction\",\"target\":[\"https:\/\/cfdfeaservice.it\/index.php\/prodotto\/openfoam\/\"]}]},{\"@type\":\"ImageObject\",\"inLanguage\":\"en-GB\",\"@id\":\"https:\/\/cfdfeaservice.it\/index.php\/prodotto\/openfoam\/#primaryimage\",\"url\":\"https:\/\/i0.wp.com\/cfdfeaservice.it\/wp-content\/uploads\/2018\/01\/OpenFOAM-new.png?fit=351%2C111&ssl=1\",\"contentUrl\":\"https:\/\/i0.wp.com\/cfdfeaservice.it\/wp-content\/uploads\/2018\/01\/OpenFOAM-new.png?fit=351%2C111&ssl=1\",\"width\":351,\"height\":111},{\"@type\":\"BreadcrumbList\",\"@id\":\"https:\/\/cfdfeaservice.it\/index.php\/prodotto\/openfoam\/#breadcrumb\",\"itemListElement\":[{\"@type\":\"ListItem\",\"position\":1,\"name\":\"Home\",\"item\":\"https:\/\/cfdfeaservice.it\/\"},{\"@type\":\"ListItem\",\"position\":2,\"name\":\"Prodotti\",\"item\":\"https:\/\/cfdfeaservice.it\/index.php\/prodotti\/\"},{\"@type\":\"ListItem\",\"position\":3,\"name\":\"OpenFOAM\"}]},{\"@type\":\"WebSite\",\"@id\":\"https:\/\/cfdfeaservice.it\/#website\",\"url\":\"https:\/\/cfdfeaservice.it\/\",\"name\":\"CFD FEA\/FEM Service\",\"description\":\"Servizi di ingegneria 4.0\",\"publisher\":{\"@id\":\"https:\/\/cfdfeaservice.it\/#organization\"},\"potentialAction\":[{\"@type\":\"SearchAction\",\"target\":{\"@type\":\"EntryPoint\",\"urlTemplate\":\"https:\/\/cfdfeaservice.it\/?s={search_term_string}\"},\"query-input\":{\"@type\":\"PropertyValueSpecification\",\"valueRequired\":true,\"valueName\":\"search_term_string\"}}],\"inLanguage\":\"en-GB\"},{\"@type\":\"Organization\",\"@id\":\"https:\/\/cfdfeaservice.it\/#organization\",\"name\":\"CFD FEA SERVICE SRL\",\"url\":\"https:\/\/cfdfeaservice.it\/\",\"logo\":{\"@type\":\"ImageObject\",\"inLanguage\":\"en-GB\",\"@id\":\"https:\/\/cfdfeaservice.it\/#\/schema\/logo\/image\/\",\"url\":\"https:\/\/i2.wp.com\/cfdfeaservice.it\/wp-content\/uploads\/2018\/07\/CFD-FEA-SERVICE-Compact.png?fit=677%2C178&ssl=1\",\"contentUrl\":\"https:\/\/i2.wp.com\/cfdfeaservice.it\/wp-content\/uploads\/2018\/07\/CFD-FEA-SERVICE-Compact.png?fit=677%2C178&ssl=1\",\"width\":677,\"height\":178,\"caption\":\"CFD FEA SERVICE SRL\"},\"image\":{\"@id\":\"https:\/\/cfdfeaservice.it\/#\/schema\/logo\/image\/\"},\"sameAs\":[\"https:\/\/www.facebook.com\/cfdfeaservice\",\"https:\/\/www.linkedin.com\/company\/11421185\/\",\"https:\/\/www.youtube.com\/channel\/UCr2h1DbpsNDKJSBAgeWMbfA\"]}]}<\/script>\n<!-- \/ Yoast SEO plugin. -->","yoast_head_json":{"title":"OpenFOAM - CFD FEA\/FEM Service","description":"Formazione completa di OpenFOAM. Attivit\u00e0 di formazione co-finanziata per introdurre OpenFOAM all'interno delle societ\u00e0. Creazione di script\/eseguibili per facilitare l'utilizzo anche agli utenti meno esperti.","robots":{"index":"index","follow":"follow","max-snippet":"max-snippet:-1","max-image-preview":"max-image-preview:large","max-video-preview":"max-video-preview:-1"},"canonical":"https:\/\/cfdfeaservice.it\/index.php\/prodotto\/openfoam\/","og_locale":"en_GB","og_type":"article","og_title":"OpenFOAM - CFD FEA\/FEM Service","og_description":"Formazione completa di OpenFOAM. Attivit\u00e0 di formazione co-finanziata per introdurre OpenFOAM all'interno delle societ\u00e0. Creazione di script\/eseguibili per facilitare l'utilizzo anche agli utenti meno esperti.","og_url":"https:\/\/cfdfeaservice.it\/index.php\/prodotto\/openfoam\/","og_site_name":"CFD FEA\/FEM Service","article_publisher":"https:\/\/www.facebook.com\/cfdfeaservice","article_modified_time":"2026-02-14T13:15:21+00:00","og_image":[{"width":351,"height":111,"url":"https:\/\/i1.wp.com\/cfdfeaservice.it\/wp-content\/uploads\/2018\/01\/OpenFOAM-new.png?fit=351%2C111&ssl=1","type":"image\/png"}],"twitter_card":"summary_large_image","twitter_misc":{"Estimated reading time":"2 minutes"},"schema":{"@context":"https:\/\/schema.org","@graph":[{"@type":"WebPage","@id":"https:\/\/cfdfeaservice.it\/index.php\/prodotto\/openfoam\/","url":"https:\/\/cfdfeaservice.it\/index.php\/prodotto\/openfoam\/","name":"OpenFOAM - CFD FEA\/FEM Service","isPartOf":{"@id":"https:\/\/cfdfeaservice.it\/#website"},"primaryImageOfPage":{"@id":"https:\/\/cfdfeaservice.it\/index.php\/prodotto\/openfoam\/#primaryimage"},"image":{"@id":"https:\/\/cfdfeaservice.it\/index.php\/prodotto\/openfoam\/#primaryimage"},"thumbnailUrl":"https:\/\/i0.wp.com\/cfdfeaservice.it\/wp-content\/uploads\/2018\/01\/OpenFOAM-new.png?fit=351%2C111&ssl=1","datePublished":"2018-01-22T13:02:34+00:00","dateModified":"2026-02-14T13:15:21+00:00","description":"Formazione completa di OpenFOAM. Attivit\u00e0 di formazione co-finanziata per introdurre OpenFOAM all'interno delle societ\u00e0. Creazione di script\/eseguibili per facilitare l'utilizzo anche agli utenti meno esperti.","breadcrumb":{"@id":"https:\/\/cfdfeaservice.it\/index.php\/prodotto\/openfoam\/#breadcrumb"},"inLanguage":"en-GB","potentialAction":[{"@type":"ReadAction","target":["https:\/\/cfdfeaservice.it\/index.php\/prodotto\/openfoam\/"]}]},{"@type":"ImageObject","inLanguage":"en-GB","@id":"https:\/\/cfdfeaservice.it\/index.php\/prodotto\/openfoam\/#primaryimage","url":"https:\/\/i0.wp.com\/cfdfeaservice.it\/wp-content\/uploads\/2018\/01\/OpenFOAM-new.png?fit=351%2C111&ssl=1","contentUrl":"https:\/\/i0.wp.com\/cfdfeaservice.it\/wp-content\/uploads\/2018\/01\/OpenFOAM-new.png?fit=351%2C111&ssl=1","width":351,"height":111},{"@type":"BreadcrumbList","@id":"https:\/\/cfdfeaservice.it\/index.php\/prodotto\/openfoam\/#breadcrumb","itemListElement":[{"@type":"ListItem","position":1,"name":"Home","item":"https:\/\/cfdfeaservice.it\/"},{"@type":"ListItem","position":2,"name":"Prodotti","item":"https:\/\/cfdfeaservice.it\/index.php\/prodotti\/"},{"@type":"ListItem","position":3,"name":"OpenFOAM"}]},{"@type":"WebSite","@id":"https:\/\/cfdfeaservice.it\/#website","url":"https:\/\/cfdfeaservice.it\/","name":"CFD FEA\/FEM Service","description":"Servizi di ingegneria 4.0","publisher":{"@id":"https:\/\/cfdfeaservice.it\/#organization"},"potentialAction":[{"@type":"SearchAction","target":{"@type":"EntryPoint","urlTemplate":"https:\/\/cfdfeaservice.it\/?s={search_term_string}"},"query-input":{"@type":"PropertyValueSpecification","valueRequired":true,"valueName":"search_term_string"}}],"inLanguage":"en-GB"},{"@type":"Organization","@id":"https:\/\/cfdfeaservice.it\/#organization","name":"CFD FEA SERVICE SRL","url":"https:\/\/cfdfeaservice.it\/","logo":{"@type":"ImageObject","inLanguage":"en-GB","@id":"https:\/\/cfdfeaservice.it\/#\/schema\/logo\/image\/","url":"https:\/\/i2.wp.com\/cfdfeaservice.it\/wp-content\/uploads\/2018\/07\/CFD-FEA-SERVICE-Compact.png?fit=677%2C178&ssl=1","contentUrl":"https:\/\/i2.wp.com\/cfdfeaservice.it\/wp-content\/uploads\/2018\/07\/CFD-FEA-SERVICE-Compact.png?fit=677%2C178&ssl=1","width":677,"height":178,"caption":"CFD FEA SERVICE SRL"},"image":{"@id":"https:\/\/cfdfeaservice.it\/#\/schema\/logo\/image\/"},"sameAs":["https:\/\/www.facebook.com\/cfdfeaservice","https:\/\/www.linkedin.com\/company\/11421185\/","https:\/\/www.youtube.com\/channel\/UCr2h1DbpsNDKJSBAgeWMbfA"]}]}},"jetpack_sharing_enabled":true,"_links":{"self":[{"href":"https:\/\/cfdfeaservice.it\/index.php\/wp-json\/wp\/v2\/product\/489","targetHints":{"allow":["GET"]}}],"collection":[{"href":"https:\/\/cfdfeaservice.it\/index.php\/wp-json\/wp\/v2\/product"}],"about":[{"href":"https:\/\/cfdfeaservice.it\/index.php\/wp-json\/wp\/v2\/types\/product"}],"replies":[{"embeddable":true,"href":"https:\/\/cfdfeaservice.it\/index.php\/wp-json\/wp\/v2\/comments?post=489"}],"wp:featuredmedia":[{"embeddable":true,"href":"https:\/\/cfdfeaservice.it\/index.php\/wp-json\/wp\/v2\/media\/607"}],"wp:attachment":[{"href":"https:\/\/cfdfeaservice.it\/index.php\/wp-json\/wp\/v2\/media?parent=489"}],"wp:term":[{"taxonomy":"product_brand","embeddable":true,"href":"https:\/\/cfdfeaservice.it\/index.php\/wp-json\/wp\/v2\/product_brand?post=489"},{"taxonomy":"product_cat","embeddable":true,"href":"https:\/\/cfdfeaservice.it\/index.php\/wp-json\/wp\/v2\/product_cat?post=489"},{"taxonomy":"product_tag","embeddable":true,"href":"https:\/\/cfdfeaservice.it\/index.php\/wp-json\/wp\/v2\/product_tag?post=489"}],"curies":[{"name":"wp","href":"https:\/\/api.w.org\/{rel}","templated":true}]}}