{"id":497,"date":"2018-01-22T14:29:37","date_gmt":"2018-01-22T13:29:37","guid":{"rendered":"https:\/\/cfdfeaservice.it\/?post_type=product&#038;p=497"},"modified":"2025-02-22T13:09:01","modified_gmt":"2025-02-22T12:09:01","slug":"freecad","status":"publish","type":"product","link":"https:\/\/cfdfeaservice.it\/index.php\/prodotto\/freecad\/","title":{"rendered":"FreeCAD"},"content":{"rendered":"<div class=\"container maincontent\">\n<div class=\"row\">\n<div class=\"col-md-9\" role=\"main\">\n<p>FreeCAD \u00e8 un software CAD di modellazione parametrica 3D creato principalmente per progettare oggetti reali di qualsiasi dimensione.<span>\u00a0<\/span><a href=\"http:\/\/en.wikipedia.org\/wiki\/Parametric_feature_based_modeler\">La modellazione parametrica<\/a><span>\u00a0<\/span>consente di modificare facilmente il disegno andando indietro nella sua storia e cambiandone i parametri. Si tratta di un software open source e altamente personalizzabile, gestibile tramite script ed estensibile.<\/p>\n<p>FreeCAD \u00e8 multi-piattaforma (Windows, Mac e Linux) e legge e scrive diversi formati aperti di file quali STEP, IGES, STL, SVG, DXF, OBJ, IFC, DAE e molti altri.<\/p>\n<p><a href=\"https:\/\/www.freecadweb.org\/wiki\/About_FreeCAD\">Per saperne di pi\u00f9&#8230;<\/a><\/p>\n<h4>A chi \u00e8 rivolto FreeCAD? Ecco alcuni casi d&#8217;uso:<\/h4>\n<p>L&#8217;<span>\u00a0<\/span><b>utente occasionale<\/b><span>\u00a0<\/span>o<span>\u00a0<\/span><b>hobbista<\/b>. Avete un progetto che desiderate realizzare e volete costruirlo o stamparlo in 3D? Questa \u00e8 la soluzione. Non \u00e8 richiesta nessuna precedente esperienza CAD. La nostra community vi aiuter\u00e0 a comprenderne rapidamente il funzionamento!<\/p>\n<p><span>Utenti\u00a0\u00a0<\/span><b>CAD professionali<\/b>. Se usate software CAD o BIM per la modellazione in maniera professionale, vi sono numerosi strumenti disponibili attraverso la <a href=\"https:\/\/www.freecadweb.org\/wiki\/Workbenches\">workbenches<\/a>\u00a0che possono incrementare la vostra produttivit\u00e0.<\/p>\n<p>Il<span>\u00a0<\/span><b>programmatore<\/b>. Quasi tutte le funzionalit\u00e0 sono accessibili via<span>\u00a0<\/span><a href=\"https:\/\/en.wikipedia.org\/wiki\/Python_%28programming_language%29\">Python<\/a>. Le funzionalit\u00e0 di FreeCAD si possono facilmente estendere e automatizzare con script ed \u00e8 semplice costruire dei propri moduli e persino incorporare FreeCAD in un&#8217;altra applicazione.<\/p>\n<p>L&#8217;<span>\u00a0<\/span><b>educatore<\/b>. Un docente pu\u00f2 Insegnare ai propri studenti l&#8217;utilizzo di un software libero senza preoccuparsi di acquistare alcuna licenza. Gli studenti possono installare la stessa versione a casa propria e continuare ad usarla dopo la scuola.<\/p>\n<\/div>\n<\/div>\n<\/div>\n<footer>\n<div class=\"container text-muted\">\n<div class=\"row\"><\/div>\n<\/div>\n<\/footer>\n<p><strong>_________________________________<\/strong><\/p>\n<p><strong>CFD FEA Service SRL<\/strong> &egrave; una societ&agrave; di servizi che offre <em>consulenza<\/em> e <em>formazione<\/em> in ambito <strong>ingegneria<\/strong> e <strong>IT<\/strong>. Se questo post\/prodotto ti &egrave; piaciuto ti invitiamo a:<\/p>\n<ul>\n<li>visionare il nostro <a href=\"https:\/\/cfdfeaservice.it\/index.php\/blog\/\" target=\"_blank\" rel=\"noopener\">blog<\/a><\/li>\n<li>visionare i <a href=\"https:\/\/cfdfeaservice.it\/index.php\/prodotti\/\" target=\"_blank\" rel=\"noopener\">software<\/a> disponibili - anche per la formazione<\/li>\n<li>iscriverti alla nostra newsletter<\/li>\n<li>entrare in contatto con noi attraverso la <a href=\"https:\/\/cfdfeaservice.it\/#ribbon\" target=\"_blank\" rel=\"noopener\">pagina contatti<\/a><\/li>\n<\/ul>\n<p>Saremo lieti di seguire le tue richieste e fornire risposte alle tue domande.<\/p>","protected":false},"excerpt":{"rendered":"<p>CAD e BIM opensource<\/p>\n","protected":false},"featured_media":360,"comment_status":"open","ping_status":"closed","template":"","meta":{"jetpack_post_was_ever_published":false},"product_brand":[],"product_cat":[58,43],"product_tag":[],"class_list":{"0":"post-497","1":"product","2":"type-product","3":"status-publish","4":"has-post-thumbnail","6":"product_cat-bim","7":"product_cat-cad","9":"first","10":"instock","11":"downloadable","12":"virtual","13":"taxable","14":"purchasable","15":"product-type-simple"},"yoast_head":"<!-- This site is optimized with the Yoast SEO plugin v26.8 - https:\/\/yoast.com\/product\/yoast-seo-wordpress\/ -->\n<title>FreeCAD - CFD FEA\/FEM Service<\/title>\n<meta name=\"robots\" content=\"index, follow, max-snippet:-1, max-image-preview:large, max-video-preview:-1\" \/>\n<link rel=\"canonical\" href=\"https:\/\/cfdfeaservice.it\/index.php\/prodotto\/freecad\/\" \/>\n<meta property=\"og:locale\" content=\"en_GB\" \/>\n<meta property=\"og:type\" content=\"article\" \/>\n<meta property=\"og:title\" content=\"FreeCAD - CFD FEA\/FEM Service\" \/>\n<meta property=\"og:description\" content=\"CAD e BIM opensource\" \/>\n<meta property=\"og:url\" content=\"https:\/\/cfdfeaservice.it\/index.php\/prodotto\/freecad\/\" \/>\n<meta property=\"og:site_name\" content=\"CFD FEA\/FEM Service\" \/>\n<meta property=\"article:publisher\" content=\"https:\/\/www.facebook.com\/cfdfeaservice\" \/>\n<meta property=\"article:modified_time\" content=\"2025-02-22T12:09:01+00:00\" \/>\n<meta property=\"og:image\" content=\"https:\/\/i2.wp.com\/cfdfeaservice.it\/wp-content\/uploads\/2018\/01\/2000px-FreeCAD-logo.svg_-1.png?fit=2000%2C2000&ssl=1\" \/>\n\t<meta property=\"og:image:width\" content=\"2000\" \/>\n\t<meta property=\"og:image:height\" content=\"2000\" \/>\n\t<meta property=\"og:image:type\" content=\"image\/png\" \/>\n<meta name=\"twitter:card\" content=\"summary_large_image\" \/>\n<meta name=\"twitter:label1\" content=\"Estimated reading time\" \/>\n\t<meta name=\"twitter:data1\" content=\"1 minute\" \/>\n<script type=\"application\/ld+json\" class=\"yoast-schema-graph\">{\"@context\":\"https:\/\/schema.org\",\"@graph\":[{\"@type\":\"WebPage\",\"@id\":\"https:\/\/cfdfeaservice.it\/index.php\/prodotto\/freecad\/\",\"url\":\"https:\/\/cfdfeaservice.it\/index.php\/prodotto\/freecad\/\",\"name\":\"FreeCAD - CFD FEA\/FEM Service\",\"isPartOf\":{\"@id\":\"https:\/\/cfdfeaservice.it\/#website\"},\"primaryImageOfPage\":{\"@id\":\"https:\/\/cfdfeaservice.it\/index.php\/prodotto\/freecad\/#primaryimage\"},\"image\":{\"@id\":\"https:\/\/cfdfeaservice.it\/index.php\/prodotto\/freecad\/#primaryimage\"},\"thumbnailUrl\":\"https:\/\/i0.wp.com\/cfdfeaservice.it\/wp-content\/uploads\/2018\/01\/2000px-FreeCAD-logo.svg_-1.png?fit=2000%2C2000&ssl=1\",\"datePublished\":\"2018-01-22T13:29:37+00:00\",\"dateModified\":\"2025-02-22T12:09:01+00:00\",\"breadcrumb\":{\"@id\":\"https:\/\/cfdfeaservice.it\/index.php\/prodotto\/freecad\/#breadcrumb\"},\"inLanguage\":\"en-GB\",\"potentialAction\":[{\"@type\":\"ReadAction\",\"target\":[\"https:\/\/cfdfeaservice.it\/index.php\/prodotto\/freecad\/\"]}]},{\"@type\":\"ImageObject\",\"inLanguage\":\"en-GB\",\"@id\":\"https:\/\/cfdfeaservice.it\/index.php\/prodotto\/freecad\/#primaryimage\",\"url\":\"https:\/\/i0.wp.com\/cfdfeaservice.it\/wp-content\/uploads\/2018\/01\/2000px-FreeCAD-logo.svg_-1.png?fit=2000%2C2000&ssl=1\",\"contentUrl\":\"https:\/\/i0.wp.com\/cfdfeaservice.it\/wp-content\/uploads\/2018\/01\/2000px-FreeCAD-logo.svg_-1.png?fit=2000%2C2000&ssl=1\",\"width\":2000,\"height\":2000},{\"@type\":\"BreadcrumbList\",\"@id\":\"https:\/\/cfdfeaservice.it\/index.php\/prodotto\/freecad\/#breadcrumb\",\"itemListElement\":[{\"@type\":\"ListItem\",\"position\":1,\"name\":\"Home\",\"item\":\"https:\/\/cfdfeaservice.it\/\"},{\"@type\":\"ListItem\",\"position\":2,\"name\":\"Prodotti\",\"item\":\"https:\/\/cfdfeaservice.it\/index.php\/prodotti\/\"},{\"@type\":\"ListItem\",\"position\":3,\"name\":\"FreeCAD\"}]},{\"@type\":\"WebSite\",\"@id\":\"https:\/\/cfdfeaservice.it\/#website\",\"url\":\"https:\/\/cfdfeaservice.it\/\",\"name\":\"CFD FEA\/FEM Service\",\"description\":\"Servizi di ingegneria 4.0\",\"publisher\":{\"@id\":\"https:\/\/cfdfeaservice.it\/#organization\"},\"potentialAction\":[{\"@type\":\"SearchAction\",\"target\":{\"@type\":\"EntryPoint\",\"urlTemplate\":\"https:\/\/cfdfeaservice.it\/?s={search_term_string}\"},\"query-input\":{\"@type\":\"PropertyValueSpecification\",\"valueRequired\":true,\"valueName\":\"search_term_string\"}}],\"inLanguage\":\"en-GB\"},{\"@type\":\"Organization\",\"@id\":\"https:\/\/cfdfeaservice.it\/#organization\",\"name\":\"CFD FEA SERVICE SRL\",\"url\":\"https:\/\/cfdfeaservice.it\/\",\"logo\":{\"@type\":\"ImageObject\",\"inLanguage\":\"en-GB\",\"@id\":\"https:\/\/cfdfeaservice.it\/#\/schema\/logo\/image\/\",\"url\":\"https:\/\/i2.wp.com\/cfdfeaservice.it\/wp-content\/uploads\/2018\/07\/CFD-FEA-SERVICE-Compact.png?fit=677%2C178&ssl=1\",\"contentUrl\":\"https:\/\/i2.wp.com\/cfdfeaservice.it\/wp-content\/uploads\/2018\/07\/CFD-FEA-SERVICE-Compact.png?fit=677%2C178&ssl=1\",\"width\":677,\"height\":178,\"caption\":\"CFD FEA SERVICE SRL\"},\"image\":{\"@id\":\"https:\/\/cfdfeaservice.it\/#\/schema\/logo\/image\/\"},\"sameAs\":[\"https:\/\/www.facebook.com\/cfdfeaservice\",\"https:\/\/www.linkedin.com\/company\/11421185\/\",\"https:\/\/www.youtube.com\/channel\/UCr2h1DbpsNDKJSBAgeWMbfA\"]}]}<\/script>\n<!-- \/ Yoast SEO plugin. -->","yoast_head_json":{"title":"FreeCAD - CFD FEA\/FEM Service","robots":{"index":"index","follow":"follow","max-snippet":"max-snippet:-1","max-image-preview":"max-image-preview:large","max-video-preview":"max-video-preview:-1"},"canonical":"https:\/\/cfdfeaservice.it\/index.php\/prodotto\/freecad\/","og_locale":"en_GB","og_type":"article","og_title":"FreeCAD - CFD FEA\/FEM Service","og_description":"CAD e BIM opensource","og_url":"https:\/\/cfdfeaservice.it\/index.php\/prodotto\/freecad\/","og_site_name":"CFD FEA\/FEM Service","article_publisher":"https:\/\/www.facebook.com\/cfdfeaservice","article_modified_time":"2025-02-22T12:09:01+00:00","og_image":[{"width":2000,"height":2000,"url":"https:\/\/i2.wp.com\/cfdfeaservice.it\/wp-content\/uploads\/2018\/01\/2000px-FreeCAD-logo.svg_-1.png?fit=2000%2C2000&ssl=1","type":"image\/png"}],"twitter_card":"summary_large_image","twitter_misc":{"Estimated reading time":"1 minute"},"schema":{"@context":"https:\/\/schema.org","@graph":[{"@type":"WebPage","@id":"https:\/\/cfdfeaservice.it\/index.php\/prodotto\/freecad\/","url":"https:\/\/cfdfeaservice.it\/index.php\/prodotto\/freecad\/","name":"FreeCAD - CFD FEA\/FEM Service","isPartOf":{"@id":"https:\/\/cfdfeaservice.it\/#website"},"primaryImageOfPage":{"@id":"https:\/\/cfdfeaservice.it\/index.php\/prodotto\/freecad\/#primaryimage"},"image":{"@id":"https:\/\/cfdfeaservice.it\/index.php\/prodotto\/freecad\/#primaryimage"},"thumbnailUrl":"https:\/\/i0.wp.com\/cfdfeaservice.it\/wp-content\/uploads\/2018\/01\/2000px-FreeCAD-logo.svg_-1.png?fit=2000%2C2000&ssl=1","datePublished":"2018-01-22T13:29:37+00:00","dateModified":"2025-02-22T12:09:01+00:00","breadcrumb":{"@id":"https:\/\/cfdfeaservice.it\/index.php\/prodotto\/freecad\/#breadcrumb"},"inLanguage":"en-GB","potentialAction":[{"@type":"ReadAction","target":["https:\/\/cfdfeaservice.it\/index.php\/prodotto\/freecad\/"]}]},{"@type":"ImageObject","inLanguage":"en-GB","@id":"https:\/\/cfdfeaservice.it\/index.php\/prodotto\/freecad\/#primaryimage","url":"https:\/\/i0.wp.com\/cfdfeaservice.it\/wp-content\/uploads\/2018\/01\/2000px-FreeCAD-logo.svg_-1.png?fit=2000%2C2000&ssl=1","contentUrl":"https:\/\/i0.wp.com\/cfdfeaservice.it\/wp-content\/uploads\/2018\/01\/2000px-FreeCAD-logo.svg_-1.png?fit=2000%2C2000&ssl=1","width":2000,"height":2000},{"@type":"BreadcrumbList","@id":"https:\/\/cfdfeaservice.it\/index.php\/prodotto\/freecad\/#breadcrumb","itemListElement":[{"@type":"ListItem","position":1,"name":"Home","item":"https:\/\/cfdfeaservice.it\/"},{"@type":"ListItem","position":2,"name":"Prodotti","item":"https:\/\/cfdfeaservice.it\/index.php\/prodotti\/"},{"@type":"ListItem","position":3,"name":"FreeCAD"}]},{"@type":"WebSite","@id":"https:\/\/cfdfeaservice.it\/#website","url":"https:\/\/cfdfeaservice.it\/","name":"CFD FEA\/FEM Service","description":"Servizi di ingegneria 4.0","publisher":{"@id":"https:\/\/cfdfeaservice.it\/#organization"},"potentialAction":[{"@type":"SearchAction","target":{"@type":"EntryPoint","urlTemplate":"https:\/\/cfdfeaservice.it\/?s={search_term_string}"},"query-input":{"@type":"PropertyValueSpecification","valueRequired":true,"valueName":"search_term_string"}}],"inLanguage":"en-GB"},{"@type":"Organization","@id":"https:\/\/cfdfeaservice.it\/#organization","name":"CFD FEA SERVICE SRL","url":"https:\/\/cfdfeaservice.it\/","logo":{"@type":"ImageObject","inLanguage":"en-GB","@id":"https:\/\/cfdfeaservice.it\/#\/schema\/logo\/image\/","url":"https:\/\/i2.wp.com\/cfdfeaservice.it\/wp-content\/uploads\/2018\/07\/CFD-FEA-SERVICE-Compact.png?fit=677%2C178&ssl=1","contentUrl":"https:\/\/i2.wp.com\/cfdfeaservice.it\/wp-content\/uploads\/2018\/07\/CFD-FEA-SERVICE-Compact.png?fit=677%2C178&ssl=1","width":677,"height":178,"caption":"CFD FEA SERVICE SRL"},"image":{"@id":"https:\/\/cfdfeaservice.it\/#\/schema\/logo\/image\/"},"sameAs":["https:\/\/www.facebook.com\/cfdfeaservice","https:\/\/www.linkedin.com\/company\/11421185\/","https:\/\/www.youtube.com\/channel\/UCr2h1DbpsNDKJSBAgeWMbfA"]}]}},"jetpack_sharing_enabled":true,"_links":{"self":[{"href":"https:\/\/cfdfeaservice.it\/index.php\/wp-json\/wp\/v2\/product\/497","targetHints":{"allow":["GET"]}}],"collection":[{"href":"https:\/\/cfdfeaservice.it\/index.php\/wp-json\/wp\/v2\/product"}],"about":[{"href":"https:\/\/cfdfeaservice.it\/index.php\/wp-json\/wp\/v2\/types\/product"}],"replies":[{"embeddable":true,"href":"https:\/\/cfdfeaservice.it\/index.php\/wp-json\/wp\/v2\/comments?post=497"}],"wp:featuredmedia":[{"embeddable":true,"href":"https:\/\/cfdfeaservice.it\/index.php\/wp-json\/wp\/v2\/media\/360"}],"wp:attachment":[{"href":"https:\/\/cfdfeaservice.it\/index.php\/wp-json\/wp\/v2\/media?parent=497"}],"wp:term":[{"taxonomy":"product_brand","embeddable":true,"href":"https:\/\/cfdfeaservice.it\/index.php\/wp-json\/wp\/v2\/product_brand?post=497"},{"taxonomy":"product_cat","embeddable":true,"href":"https:\/\/cfdfeaservice.it\/index.php\/wp-json\/wp\/v2\/product_cat?post=497"},{"taxonomy":"product_tag","embeddable":true,"href":"https:\/\/cfdfeaservice.it\/index.php\/wp-json\/wp\/v2\/product_tag?post=497"}],"curies":[{"name":"wp","href":"https:\/\/api.w.org\/{rel}","templated":true}]}}