{"id":590,"date":"2018-02-06T17:57:22","date_gmt":"2018-02-06T16:57:22","guid":{"rendered":"https:\/\/cfdfeaservice.it\/?post_type=product&#038;p=590"},"modified":"2018-02-08T21:38:51","modified_gmt":"2018-02-08T20:38:51","slug":"conversione-unita","status":"publish","type":"product","link":"https:\/\/cfdfeaservice.it\/index.php\/prodotto\/conversione-unita\/","title":{"rendered":"Conversione unit\u00e0"},"content":{"rendered":"<p>Nel seguente foglio excel \u00e8 possibile convertire unit\u00e0 di misura di:<\/p>\n<ul>\n<li>potenza<\/li>\n<li>energia<\/li>\n<li>pressione<\/li>\n<li>temperatura<\/li>\n<li>velocit\u00e0<\/li>\n<li>densit\u00e0<\/li>\n<li>viscosit\u00e0 dinamica<\/li>\n<li>portata<\/li>\n<\/ul>\n<p>A partire dal sistema internazionale fino ad arrivare al sistema inglese, un foglio semplice che risolve un grosso problema degli ingegneri.<\/p>\n<p><strong>_________________________________<\/strong><\/p>\n<p><strong>CFD FEA Service SRL<\/strong> &egrave; una societ&agrave; di servizi che offre <em>consulenza<\/em> e <em>formazione<\/em> in ambito <strong>ingegneria<\/strong> e <strong>IT<\/strong>. Se questo post\/prodotto ti &egrave; piaciuto ti invitiamo a:<\/p>\n<ul>\n<li>visionare il nostro <a href=\"https:\/\/cfdfeaservice.it\/index.php\/blog\/\" target=\"_blank\" rel=\"noopener\">blog<\/a><\/li>\n<li>visionare i <a href=\"https:\/\/cfdfeaservice.it\/index.php\/prodotti\/\" target=\"_blank\" rel=\"noopener\">software<\/a> disponibili - anche per la formazione<\/li>\n<li>iscriverti alla nostra newsletter<\/li>\n<li>entrare in contatto con noi attraverso la <a href=\"https:\/\/cfdfeaservice.it\/#ribbon\" target=\"_blank\" rel=\"noopener\">pagina contatti<\/a><\/li>\n<\/ul>\n<p>Saremo lieti di seguire le tue richieste e fornire risposte alle tue domande.<\/p>","protected":false},"excerpt":{"rendered":"<p>Conversione unit\u00e0 di misura.<\/p>\n","protected":false},"featured_media":508,"comment_status":"closed","ping_status":"closed","template":"","meta":{"jetpack_post_was_ever_published":false},"product_brand":[],"product_cat":[45],"product_tag":[],"class_list":{"0":"post-590","1":"product","2":"type-product","3":"status-publish","4":"has-post-thumbnail","6":"product_cat-excel","8":"first","9":"instock","10":"downloadable","11":"virtual","12":"taxable","13":"purchasable","14":"product-type-simple"},"yoast_head":"<!-- This site is optimized with the Yoast SEO plugin v26.8 - https:\/\/yoast.com\/product\/yoast-seo-wordpress\/ -->\n<title>Conversione unit\u00e0 - CFD FEA\/FEM Service<\/title>\n<meta name=\"robots\" content=\"index, follow, max-snippet:-1, max-image-preview:large, max-video-preview:-1\" \/>\n<link rel=\"canonical\" href=\"https:\/\/cfdfeaservice.it\/index.php\/prodotto\/conversione-unita\/\" \/>\n<meta property=\"og:locale\" content=\"en_GB\" \/>\n<meta property=\"og:type\" content=\"article\" \/>\n<meta property=\"og:title\" content=\"Conversione unit\u00e0 - CFD FEA\/FEM Service\" \/>\n<meta property=\"og:description\" content=\"Conversione unit\u00e0 di misura.\" \/>\n<meta property=\"og:url\" content=\"https:\/\/cfdfeaservice.it\/index.php\/prodotto\/conversione-unita\/\" \/>\n<meta property=\"og:site_name\" content=\"CFD FEA\/FEM Service\" \/>\n<meta property=\"article:publisher\" content=\"https:\/\/www.facebook.com\/cfdfeaservice\" \/>\n<meta property=\"article:modified_time\" content=\"2018-02-08T20:38:51+00:00\" \/>\n<meta property=\"og:image\" content=\"https:\/\/i1.wp.com\/cfdfeaservice.it\/wp-content\/uploads\/2018\/01\/Excel-e1516900205122.png?fit=580%2C210&ssl=1\" \/>\n\t<meta property=\"og:image:width\" content=\"580\" \/>\n\t<meta property=\"og:image:height\" content=\"210\" \/>\n\t<meta property=\"og:image:type\" content=\"image\/png\" \/>\n<meta name=\"twitter:card\" content=\"summary_large_image\" \/>\n<script type=\"application\/ld+json\" class=\"yoast-schema-graph\">{\"@context\":\"https:\/\/schema.org\",\"@graph\":[{\"@type\":\"WebPage\",\"@id\":\"https:\/\/cfdfeaservice.it\/index.php\/prodotto\/conversione-unita\/\",\"url\":\"https:\/\/cfdfeaservice.it\/index.php\/prodotto\/conversione-unita\/\",\"name\":\"Conversione unit\u00e0 - CFD FEA\/FEM Service\",\"isPartOf\":{\"@id\":\"https:\/\/cfdfeaservice.it\/#website\"},\"primaryImageOfPage\":{\"@id\":\"https:\/\/cfdfeaservice.it\/index.php\/prodotto\/conversione-unita\/#primaryimage\"},\"image\":{\"@id\":\"https:\/\/cfdfeaservice.it\/index.php\/prodotto\/conversione-unita\/#primaryimage\"},\"thumbnailUrl\":\"https:\/\/i0.wp.com\/cfdfeaservice.it\/wp-content\/uploads\/2018\/01\/Excel-e1516900205122.png?fit=580%2C210&ssl=1\",\"datePublished\":\"2018-02-06T16:57:22+00:00\",\"dateModified\":\"2018-02-08T20:38:51+00:00\",\"breadcrumb\":{\"@id\":\"https:\/\/cfdfeaservice.it\/index.php\/prodotto\/conversione-unita\/#breadcrumb\"},\"inLanguage\":\"en-GB\",\"potentialAction\":[{\"@type\":\"ReadAction\",\"target\":[\"https:\/\/cfdfeaservice.it\/index.php\/prodotto\/conversione-unita\/\"]}]},{\"@type\":\"ImageObject\",\"inLanguage\":\"en-GB\",\"@id\":\"https:\/\/cfdfeaservice.it\/index.php\/prodotto\/conversione-unita\/#primaryimage\",\"url\":\"https:\/\/i0.wp.com\/cfdfeaservice.it\/wp-content\/uploads\/2018\/01\/Excel-e1516900205122.png?fit=580%2C210&ssl=1\",\"contentUrl\":\"https:\/\/i0.wp.com\/cfdfeaservice.it\/wp-content\/uploads\/2018\/01\/Excel-e1516900205122.png?fit=580%2C210&ssl=1\",\"width\":580,\"height\":210},{\"@type\":\"BreadcrumbList\",\"@id\":\"https:\/\/cfdfeaservice.it\/index.php\/prodotto\/conversione-unita\/#breadcrumb\",\"itemListElement\":[{\"@type\":\"ListItem\",\"position\":1,\"name\":\"Home\",\"item\":\"https:\/\/cfdfeaservice.it\/\"},{\"@type\":\"ListItem\",\"position\":2,\"name\":\"Prodotti\",\"item\":\"https:\/\/cfdfeaservice.it\/index.php\/prodotti\/\"},{\"@type\":\"ListItem\",\"position\":3,\"name\":\"Conversione unit\u00e0\"}]},{\"@type\":\"WebSite\",\"@id\":\"https:\/\/cfdfeaservice.it\/#website\",\"url\":\"https:\/\/cfdfeaservice.it\/\",\"name\":\"CFD FEA\/FEM Service\",\"description\":\"Servizi di ingegneria 4.0\",\"publisher\":{\"@id\":\"https:\/\/cfdfeaservice.it\/#organization\"},\"potentialAction\":[{\"@type\":\"SearchAction\",\"target\":{\"@type\":\"EntryPoint\",\"urlTemplate\":\"https:\/\/cfdfeaservice.it\/?s={search_term_string}\"},\"query-input\":{\"@type\":\"PropertyValueSpecification\",\"valueRequired\":true,\"valueName\":\"search_term_string\"}}],\"inLanguage\":\"en-GB\"},{\"@type\":\"Organization\",\"@id\":\"https:\/\/cfdfeaservice.it\/#organization\",\"name\":\"CFD FEA SERVICE SRL\",\"url\":\"https:\/\/cfdfeaservice.it\/\",\"logo\":{\"@type\":\"ImageObject\",\"inLanguage\":\"en-GB\",\"@id\":\"https:\/\/cfdfeaservice.it\/#\/schema\/logo\/image\/\",\"url\":\"https:\/\/i2.wp.com\/cfdfeaservice.it\/wp-content\/uploads\/2018\/07\/CFD-FEA-SERVICE-Compact.png?fit=677%2C178&ssl=1\",\"contentUrl\":\"https:\/\/i2.wp.com\/cfdfeaservice.it\/wp-content\/uploads\/2018\/07\/CFD-FEA-SERVICE-Compact.png?fit=677%2C178&ssl=1\",\"width\":677,\"height\":178,\"caption\":\"CFD FEA SERVICE SRL\"},\"image\":{\"@id\":\"https:\/\/cfdfeaservice.it\/#\/schema\/logo\/image\/\"},\"sameAs\":[\"https:\/\/www.facebook.com\/cfdfeaservice\",\"https:\/\/www.linkedin.com\/company\/11421185\/\",\"https:\/\/www.youtube.com\/channel\/UCr2h1DbpsNDKJSBAgeWMbfA\"]}]}<\/script>\n<!-- \/ Yoast SEO plugin. -->","yoast_head_json":{"title":"Conversione unit\u00e0 - CFD FEA\/FEM Service","robots":{"index":"index","follow":"follow","max-snippet":"max-snippet:-1","max-image-preview":"max-image-preview:large","max-video-preview":"max-video-preview:-1"},"canonical":"https:\/\/cfdfeaservice.it\/index.php\/prodotto\/conversione-unita\/","og_locale":"en_GB","og_type":"article","og_title":"Conversione unit\u00e0 - CFD FEA\/FEM Service","og_description":"Conversione unit\u00e0 di misura.","og_url":"https:\/\/cfdfeaservice.it\/index.php\/prodotto\/conversione-unita\/","og_site_name":"CFD FEA\/FEM Service","article_publisher":"https:\/\/www.facebook.com\/cfdfeaservice","article_modified_time":"2018-02-08T20:38:51+00:00","og_image":[{"width":580,"height":210,"url":"https:\/\/i1.wp.com\/cfdfeaservice.it\/wp-content\/uploads\/2018\/01\/Excel-e1516900205122.png?fit=580%2C210&ssl=1","type":"image\/png"}],"twitter_card":"summary_large_image","schema":{"@context":"https:\/\/schema.org","@graph":[{"@type":"WebPage","@id":"https:\/\/cfdfeaservice.it\/index.php\/prodotto\/conversione-unita\/","url":"https:\/\/cfdfeaservice.it\/index.php\/prodotto\/conversione-unita\/","name":"Conversione unit\u00e0 - CFD FEA\/FEM Service","isPartOf":{"@id":"https:\/\/cfdfeaservice.it\/#website"},"primaryImageOfPage":{"@id":"https:\/\/cfdfeaservice.it\/index.php\/prodotto\/conversione-unita\/#primaryimage"},"image":{"@id":"https:\/\/cfdfeaservice.it\/index.php\/prodotto\/conversione-unita\/#primaryimage"},"thumbnailUrl":"https:\/\/i0.wp.com\/cfdfeaservice.it\/wp-content\/uploads\/2018\/01\/Excel-e1516900205122.png?fit=580%2C210&ssl=1","datePublished":"2018-02-06T16:57:22+00:00","dateModified":"2018-02-08T20:38:51+00:00","breadcrumb":{"@id":"https:\/\/cfdfeaservice.it\/index.php\/prodotto\/conversione-unita\/#breadcrumb"},"inLanguage":"en-GB","potentialAction":[{"@type":"ReadAction","target":["https:\/\/cfdfeaservice.it\/index.php\/prodotto\/conversione-unita\/"]}]},{"@type":"ImageObject","inLanguage":"en-GB","@id":"https:\/\/cfdfeaservice.it\/index.php\/prodotto\/conversione-unita\/#primaryimage","url":"https:\/\/i0.wp.com\/cfdfeaservice.it\/wp-content\/uploads\/2018\/01\/Excel-e1516900205122.png?fit=580%2C210&ssl=1","contentUrl":"https:\/\/i0.wp.com\/cfdfeaservice.it\/wp-content\/uploads\/2018\/01\/Excel-e1516900205122.png?fit=580%2C210&ssl=1","width":580,"height":210},{"@type":"BreadcrumbList","@id":"https:\/\/cfdfeaservice.it\/index.php\/prodotto\/conversione-unita\/#breadcrumb","itemListElement":[{"@type":"ListItem","position":1,"name":"Home","item":"https:\/\/cfdfeaservice.it\/"},{"@type":"ListItem","position":2,"name":"Prodotti","item":"https:\/\/cfdfeaservice.it\/index.php\/prodotti\/"},{"@type":"ListItem","position":3,"name":"Conversione unit\u00e0"}]},{"@type":"WebSite","@id":"https:\/\/cfdfeaservice.it\/#website","url":"https:\/\/cfdfeaservice.it\/","name":"CFD FEA\/FEM Service","description":"Servizi di ingegneria 4.0","publisher":{"@id":"https:\/\/cfdfeaservice.it\/#organization"},"potentialAction":[{"@type":"SearchAction","target":{"@type":"EntryPoint","urlTemplate":"https:\/\/cfdfeaservice.it\/?s={search_term_string}"},"query-input":{"@type":"PropertyValueSpecification","valueRequired":true,"valueName":"search_term_string"}}],"inLanguage":"en-GB"},{"@type":"Organization","@id":"https:\/\/cfdfeaservice.it\/#organization","name":"CFD FEA SERVICE SRL","url":"https:\/\/cfdfeaservice.it\/","logo":{"@type":"ImageObject","inLanguage":"en-GB","@id":"https:\/\/cfdfeaservice.it\/#\/schema\/logo\/image\/","url":"https:\/\/i2.wp.com\/cfdfeaservice.it\/wp-content\/uploads\/2018\/07\/CFD-FEA-SERVICE-Compact.png?fit=677%2C178&ssl=1","contentUrl":"https:\/\/i2.wp.com\/cfdfeaservice.it\/wp-content\/uploads\/2018\/07\/CFD-FEA-SERVICE-Compact.png?fit=677%2C178&ssl=1","width":677,"height":178,"caption":"CFD FEA SERVICE SRL"},"image":{"@id":"https:\/\/cfdfeaservice.it\/#\/schema\/logo\/image\/"},"sameAs":["https:\/\/www.facebook.com\/cfdfeaservice","https:\/\/www.linkedin.com\/company\/11421185\/","https:\/\/www.youtube.com\/channel\/UCr2h1DbpsNDKJSBAgeWMbfA"]}]}},"jetpack_sharing_enabled":true,"_links":{"self":[{"href":"https:\/\/cfdfeaservice.it\/index.php\/wp-json\/wp\/v2\/product\/590","targetHints":{"allow":["GET"]}}],"collection":[{"href":"https:\/\/cfdfeaservice.it\/index.php\/wp-json\/wp\/v2\/product"}],"about":[{"href":"https:\/\/cfdfeaservice.it\/index.php\/wp-json\/wp\/v2\/types\/product"}],"replies":[{"embeddable":true,"href":"https:\/\/cfdfeaservice.it\/index.php\/wp-json\/wp\/v2\/comments?post=590"}],"wp:featuredmedia":[{"embeddable":true,"href":"https:\/\/cfdfeaservice.it\/index.php\/wp-json\/wp\/v2\/media\/508"}],"wp:attachment":[{"href":"https:\/\/cfdfeaservice.it\/index.php\/wp-json\/wp\/v2\/media?parent=590"}],"wp:term":[{"taxonomy":"product_brand","embeddable":true,"href":"https:\/\/cfdfeaservice.it\/index.php\/wp-json\/wp\/v2\/product_brand?post=590"},{"taxonomy":"product_cat","embeddable":true,"href":"https:\/\/cfdfeaservice.it\/index.php\/wp-json\/wp\/v2\/product_cat?post=590"},{"taxonomy":"product_tag","embeddable":true,"href":"https:\/\/cfdfeaservice.it\/index.php\/wp-json\/wp\/v2\/product_tag?post=590"}],"curies":[{"name":"wp","href":"https:\/\/api.w.org\/{rel}","templated":true}]}}