{"id":596,"date":"2018-03-12T18:09:25","date_gmt":"2018-03-12T17:09:25","guid":{"rendered":"https:\/\/cfdfeaservice.it\/?post_type=product&#038;p=596"},"modified":"2024-08-08T01:35:00","modified_gmt":"2024-08-07T23:35:00","slug":"guida-openfoam-italiano","status":"publish","type":"product","link":"https:\/\/cfdfeaservice.it\/index.php\/prodotto\/guida-openfoam-italiano\/","title":{"rendered":"Servizio formazione e guida OpenFOAM &#8211; ITALIANO"},"content":{"rendered":"<p>La prima e pi\u00f9 completa guida OpenFOAM in italiano. Con l&#8217;acquisto avrete accesso, tramite utente e password, alla sezione privata della nostra wiki disponibile all&#8217;indirizzo:\u00a0<a href=\"https:\/\/cfdfeaservice.it\/wiki\/guida-openfoam\/\" target=\"_blank\" rel=\"noopener\">https:\/\/cfdfeaservice.it\/wiki\/guida-openfoam\/<\/a>.<\/p>\n<h4>Pre-requisiti<\/h4>\n<p>Non vi \u00e8 un pre-requisito per l&#8217;utilizzo della guida se non la capacit\u00e0 di utilizzare il terminale. La guida comunque, se seguita attentamente, permetter\u00e0 di superare tutti gli ostacoli riguardanti la programmazione e l&#8217;informatica.<\/p>\n<p>Non vi sono inoltre limiti di utilizzo di sistema operativo: a partire da Windows 10 infatti \u00e8 possibile installare ed utilizzare le applicazioni di Linux direttamente su Windows.<\/p>\n<h4>Descrizione generale<\/h4>\n<p>Obiettivo della guida \u00e8 l&#8217;introduzione ad OpenFOAM. La guida contiene informazioni riguardo la simulazione di flussi <em>comprimibili<\/em> e <em>incomprimibili<\/em>, in regime <em>transitorio<\/em> e <em>permanente<\/em>. Si fa riferimento ai solutori\u00a0simpleFoam, pimpleFoam,\u00a0rhoSimpleFoam e rhoPimpleFoam.<\/p>\n<p>Vengono visualizzati esempi per quanto riguarda i modelli di turbolenza, l&#8217;imposizione delle condizioni iniziali e al contorno e degli schemi numerici della simulazione. Numerosi sono i suggerimenti anche per una migliore convergenza dei risultati delle simulazioni.<\/p>\n<p>Oltre a ci\u00f2 la guida OpenFOAM introduce nozioni riguardo l&#8217;importazione di mesh attraverso i convertitori forniti dal software. Altro punto su cui si pone l&#8217;accento \u00e8 il post-processing, effettuato con gli script presenti all&#8217;interno dell&#8217;applicazione.<\/p>\n<p>Vengono spesso forniti esempi e stralci dei files di input di OpenFOAM, pronti per essere copiati ed incollati da parte dell&#8217;utente all&#8217;interno delle proprie simulazioni.<\/p>\n<h4>Disponibilit\u00e0<\/h4>\n<p>Con l&#8217;acquisto vi verr\u00e0 fornito utente e password per accedere all&#8217;area riservata che contiene la guida. Il numero di visite al sito \u00e8 illimitato, cos\u00ec come effettuare operazioni di stampa.<\/p>\n<p>Tutto il materiale online, testo ed immagini, \u00e8 protetto di propriet\u00e0 di CFD FEA Service. Con il presente acquisto l&#8217;utente si impegna a non copiare tale materiale in alcun modo in uno spazio multimediale.<\/p>\n<h4>Preview<\/h4>\n<p>E&#8217; possibile avere una visione in anteprima della guida usando l&#8217;apposito carosello in cima a questa pagina.<\/p>\n<p><strong>_________________________________<\/strong><\/p>\n<p><strong>CFD FEA Service SRL<\/strong> &egrave; una societ&agrave; di servizi che offre <em>consulenza<\/em> e <em>formazione<\/em> in ambito <strong>ingegneria<\/strong> e <strong>IT<\/strong>. Se questo post\/prodotto ti &egrave; piaciuto ti invitiamo a:<\/p>\n<ul>\n<li>visionare il nostro <a href=\"https:\/\/cfdfeaservice.it\/index.php\/blog\/\" target=\"_blank\" rel=\"noopener\">blog<\/a><\/li>\n<li>visionare i <a href=\"https:\/\/cfdfeaservice.it\/index.php\/prodotti\/\" target=\"_blank\" rel=\"noopener\">software<\/a> disponibili - anche per la formazione<\/li>\n<li>iscriverti alla nostra newsletter<\/li>\n<li>entrare in contatto con noi attraverso la <a href=\"https:\/\/cfdfeaservice.it\/#ribbon\" target=\"_blank\" rel=\"noopener\">pagina contatti<\/a><\/li>\n<\/ul>\n<p>Saremo lieti di seguire le tue richieste e fornire risposte alle tue domande.<\/p>","protected":false},"excerpt":{"rendered":"<p>La prima guida in italiano per OpenFOAM.<\/p>\n","protected":false},"featured_media":607,"comment_status":"open","ping_status":"closed","template":"","meta":{"jetpack_post_was_ever_published":false},"product_brand":[],"product_cat":[40,53],"product_tag":[],"class_list":{"0":"post-596","1":"product","2":"type-product","3":"status-publish","4":"has-post-thumbnail","6":"product_cat-cfd","7":"product_cat-guida","9":"first","10":"instock","11":"virtual","12":"taxable","13":"purchasable","14":"product-type-simple"},"yoast_head":"<!-- This site is optimized with the Yoast SEO plugin v26.8 - https:\/\/yoast.com\/product\/yoast-seo-wordpress\/ -->\n<title>Servizio formazione e guida OpenFOAM - ITALIANO - CFD FEA\/FEM Service<\/title>\n<meta name=\"description\" content=\"La prima guida OpenFOAM in italiano. Disponibile online a tutti gli utenti che volessero iniziare ad utilizzare il software opensource pi\u00f9 famoso.\" \/>\n<meta name=\"robots\" content=\"index, follow, max-snippet:-1, max-image-preview:large, max-video-preview:-1\" \/>\n<link rel=\"canonical\" href=\"https:\/\/cfdfeaservice.it\/index.php\/prodotto\/guida-openfoam-italiano\/\" \/>\n<meta property=\"og:locale\" content=\"en_GB\" \/>\n<meta property=\"og:type\" content=\"article\" \/>\n<meta property=\"og:title\" content=\"Servizio formazione e guida OpenFOAM - ITALIANO - CFD FEA\/FEM Service\" \/>\n<meta property=\"og:description\" content=\"La prima guida OpenFOAM in italiano. Disponibile online a tutti gli utenti che volessero iniziare ad utilizzare il software opensource pi\u00f9 famoso.\" \/>\n<meta property=\"og:url\" content=\"https:\/\/cfdfeaservice.it\/index.php\/prodotto\/guida-openfoam-italiano\/\" \/>\n<meta property=\"og:site_name\" content=\"CFD FEA\/FEM Service\" \/>\n<meta property=\"article:publisher\" content=\"https:\/\/www.facebook.com\/cfdfeaservice\" \/>\n<meta property=\"article:modified_time\" content=\"2024-08-07T23:35:00+00:00\" \/>\n<meta property=\"og:image\" content=\"https:\/\/i1.wp.com\/cfdfeaservice.it\/wp-content\/uploads\/2018\/01\/OpenFOAM-new.png?fit=351%2C111&ssl=1\" \/>\n\t<meta property=\"og:image:width\" content=\"351\" \/>\n\t<meta property=\"og:image:height\" content=\"111\" \/>\n\t<meta property=\"og:image:type\" content=\"image\/png\" \/>\n<meta name=\"twitter:card\" content=\"summary_large_image\" \/>\n<meta name=\"twitter:label1\" content=\"Estimated reading time\" \/>\n\t<meta name=\"twitter:data1\" content=\"2 minutes\" \/>\n<script type=\"application\/ld+json\" class=\"yoast-schema-graph\">{\"@context\":\"https:\/\/schema.org\",\"@graph\":[{\"@type\":\"WebPage\",\"@id\":\"https:\/\/cfdfeaservice.it\/index.php\/prodotto\/guida-openfoam-italiano\/\",\"url\":\"https:\/\/cfdfeaservice.it\/index.php\/prodotto\/guida-openfoam-italiano\/\",\"name\":\"Servizio formazione e guida OpenFOAM - ITALIANO - CFD FEA\/FEM Service\",\"isPartOf\":{\"@id\":\"https:\/\/cfdfeaservice.it\/#website\"},\"primaryImageOfPage\":{\"@id\":\"https:\/\/cfdfeaservice.it\/index.php\/prodotto\/guida-openfoam-italiano\/#primaryimage\"},\"image\":{\"@id\":\"https:\/\/cfdfeaservice.it\/index.php\/prodotto\/guida-openfoam-italiano\/#primaryimage\"},\"thumbnailUrl\":\"https:\/\/i0.wp.com\/cfdfeaservice.it\/wp-content\/uploads\/2018\/01\/OpenFOAM-new.png?fit=351%2C111&ssl=1\",\"datePublished\":\"2018-03-12T17:09:25+00:00\",\"dateModified\":\"2024-08-07T23:35:00+00:00\",\"description\":\"La prima guida OpenFOAM in italiano. Disponibile online a tutti gli utenti che volessero iniziare ad utilizzare il software opensource pi\u00f9 famoso.\",\"breadcrumb\":{\"@id\":\"https:\/\/cfdfeaservice.it\/index.php\/prodotto\/guida-openfoam-italiano\/#breadcrumb\"},\"inLanguage\":\"en-GB\",\"potentialAction\":[{\"@type\":\"ReadAction\",\"target\":[\"https:\/\/cfdfeaservice.it\/index.php\/prodotto\/guida-openfoam-italiano\/\"]}]},{\"@type\":\"ImageObject\",\"inLanguage\":\"en-GB\",\"@id\":\"https:\/\/cfdfeaservice.it\/index.php\/prodotto\/guida-openfoam-italiano\/#primaryimage\",\"url\":\"https:\/\/i0.wp.com\/cfdfeaservice.it\/wp-content\/uploads\/2018\/01\/OpenFOAM-new.png?fit=351%2C111&ssl=1\",\"contentUrl\":\"https:\/\/i0.wp.com\/cfdfeaservice.it\/wp-content\/uploads\/2018\/01\/OpenFOAM-new.png?fit=351%2C111&ssl=1\",\"width\":351,\"height\":111},{\"@type\":\"BreadcrumbList\",\"@id\":\"https:\/\/cfdfeaservice.it\/index.php\/prodotto\/guida-openfoam-italiano\/#breadcrumb\",\"itemListElement\":[{\"@type\":\"ListItem\",\"position\":1,\"name\":\"Home\",\"item\":\"https:\/\/cfdfeaservice.it\/\"},{\"@type\":\"ListItem\",\"position\":2,\"name\":\"Prodotti\",\"item\":\"https:\/\/cfdfeaservice.it\/index.php\/prodotti\/\"},{\"@type\":\"ListItem\",\"position\":3,\"name\":\"Servizio formazione e guida OpenFOAM &#8211; ITALIANO\"}]},{\"@type\":\"WebSite\",\"@id\":\"https:\/\/cfdfeaservice.it\/#website\",\"url\":\"https:\/\/cfdfeaservice.it\/\",\"name\":\"CFD FEA\/FEM Service\",\"description\":\"Servizi di ingegneria 4.0\",\"publisher\":{\"@id\":\"https:\/\/cfdfeaservice.it\/#organization\"},\"potentialAction\":[{\"@type\":\"SearchAction\",\"target\":{\"@type\":\"EntryPoint\",\"urlTemplate\":\"https:\/\/cfdfeaservice.it\/?s={search_term_string}\"},\"query-input\":{\"@type\":\"PropertyValueSpecification\",\"valueRequired\":true,\"valueName\":\"search_term_string\"}}],\"inLanguage\":\"en-GB\"},{\"@type\":\"Organization\",\"@id\":\"https:\/\/cfdfeaservice.it\/#organization\",\"name\":\"CFD FEA SERVICE SRL\",\"url\":\"https:\/\/cfdfeaservice.it\/\",\"logo\":{\"@type\":\"ImageObject\",\"inLanguage\":\"en-GB\",\"@id\":\"https:\/\/cfdfeaservice.it\/#\/schema\/logo\/image\/\",\"url\":\"https:\/\/i2.wp.com\/cfdfeaservice.it\/wp-content\/uploads\/2018\/07\/CFD-FEA-SERVICE-Compact.png?fit=677%2C178&ssl=1\",\"contentUrl\":\"https:\/\/i2.wp.com\/cfdfeaservice.it\/wp-content\/uploads\/2018\/07\/CFD-FEA-SERVICE-Compact.png?fit=677%2C178&ssl=1\",\"width\":677,\"height\":178,\"caption\":\"CFD FEA SERVICE SRL\"},\"image\":{\"@id\":\"https:\/\/cfdfeaservice.it\/#\/schema\/logo\/image\/\"},\"sameAs\":[\"https:\/\/www.facebook.com\/cfdfeaservice\",\"https:\/\/www.linkedin.com\/company\/11421185\/\",\"https:\/\/www.youtube.com\/channel\/UCr2h1DbpsNDKJSBAgeWMbfA\"]}]}<\/script>\n<!-- \/ Yoast SEO plugin. -->","yoast_head_json":{"title":"Servizio formazione e guida OpenFOAM - ITALIANO - CFD FEA\/FEM Service","description":"La prima guida OpenFOAM in italiano. Disponibile online a tutti gli utenti che volessero iniziare ad utilizzare il software opensource pi\u00f9 famoso.","robots":{"index":"index","follow":"follow","max-snippet":"max-snippet:-1","max-image-preview":"max-image-preview:large","max-video-preview":"max-video-preview:-1"},"canonical":"https:\/\/cfdfeaservice.it\/index.php\/prodotto\/guida-openfoam-italiano\/","og_locale":"en_GB","og_type":"article","og_title":"Servizio formazione e guida OpenFOAM - ITALIANO - CFD FEA\/FEM Service","og_description":"La prima guida OpenFOAM in italiano. Disponibile online a tutti gli utenti che volessero iniziare ad utilizzare il software opensource pi\u00f9 famoso.","og_url":"https:\/\/cfdfeaservice.it\/index.php\/prodotto\/guida-openfoam-italiano\/","og_site_name":"CFD FEA\/FEM Service","article_publisher":"https:\/\/www.facebook.com\/cfdfeaservice","article_modified_time":"2024-08-07T23:35:00+00:00","og_image":[{"width":351,"height":111,"url":"https:\/\/i1.wp.com\/cfdfeaservice.it\/wp-content\/uploads\/2018\/01\/OpenFOAM-new.png?fit=351%2C111&ssl=1","type":"image\/png"}],"twitter_card":"summary_large_image","twitter_misc":{"Estimated reading time":"2 minutes"},"schema":{"@context":"https:\/\/schema.org","@graph":[{"@type":"WebPage","@id":"https:\/\/cfdfeaservice.it\/index.php\/prodotto\/guida-openfoam-italiano\/","url":"https:\/\/cfdfeaservice.it\/index.php\/prodotto\/guida-openfoam-italiano\/","name":"Servizio formazione e guida OpenFOAM - ITALIANO - CFD FEA\/FEM Service","isPartOf":{"@id":"https:\/\/cfdfeaservice.it\/#website"},"primaryImageOfPage":{"@id":"https:\/\/cfdfeaservice.it\/index.php\/prodotto\/guida-openfoam-italiano\/#primaryimage"},"image":{"@id":"https:\/\/cfdfeaservice.it\/index.php\/prodotto\/guida-openfoam-italiano\/#primaryimage"},"thumbnailUrl":"https:\/\/i0.wp.com\/cfdfeaservice.it\/wp-content\/uploads\/2018\/01\/OpenFOAM-new.png?fit=351%2C111&ssl=1","datePublished":"2018-03-12T17:09:25+00:00","dateModified":"2024-08-07T23:35:00+00:00","description":"La prima guida OpenFOAM in italiano. Disponibile online a tutti gli utenti che volessero iniziare ad utilizzare il software opensource pi\u00f9 famoso.","breadcrumb":{"@id":"https:\/\/cfdfeaservice.it\/index.php\/prodotto\/guida-openfoam-italiano\/#breadcrumb"},"inLanguage":"en-GB","potentialAction":[{"@type":"ReadAction","target":["https:\/\/cfdfeaservice.it\/index.php\/prodotto\/guida-openfoam-italiano\/"]}]},{"@type":"ImageObject","inLanguage":"en-GB","@id":"https:\/\/cfdfeaservice.it\/index.php\/prodotto\/guida-openfoam-italiano\/#primaryimage","url":"https:\/\/i0.wp.com\/cfdfeaservice.it\/wp-content\/uploads\/2018\/01\/OpenFOAM-new.png?fit=351%2C111&ssl=1","contentUrl":"https:\/\/i0.wp.com\/cfdfeaservice.it\/wp-content\/uploads\/2018\/01\/OpenFOAM-new.png?fit=351%2C111&ssl=1","width":351,"height":111},{"@type":"BreadcrumbList","@id":"https:\/\/cfdfeaservice.it\/index.php\/prodotto\/guida-openfoam-italiano\/#breadcrumb","itemListElement":[{"@type":"ListItem","position":1,"name":"Home","item":"https:\/\/cfdfeaservice.it\/"},{"@type":"ListItem","position":2,"name":"Prodotti","item":"https:\/\/cfdfeaservice.it\/index.php\/prodotti\/"},{"@type":"ListItem","position":3,"name":"Servizio formazione e guida OpenFOAM &#8211; ITALIANO"}]},{"@type":"WebSite","@id":"https:\/\/cfdfeaservice.it\/#website","url":"https:\/\/cfdfeaservice.it\/","name":"CFD FEA\/FEM Service","description":"Servizi di ingegneria 4.0","publisher":{"@id":"https:\/\/cfdfeaservice.it\/#organization"},"potentialAction":[{"@type":"SearchAction","target":{"@type":"EntryPoint","urlTemplate":"https:\/\/cfdfeaservice.it\/?s={search_term_string}"},"query-input":{"@type":"PropertyValueSpecification","valueRequired":true,"valueName":"search_term_string"}}],"inLanguage":"en-GB"},{"@type":"Organization","@id":"https:\/\/cfdfeaservice.it\/#organization","name":"CFD FEA SERVICE SRL","url":"https:\/\/cfdfeaservice.it\/","logo":{"@type":"ImageObject","inLanguage":"en-GB","@id":"https:\/\/cfdfeaservice.it\/#\/schema\/logo\/image\/","url":"https:\/\/i2.wp.com\/cfdfeaservice.it\/wp-content\/uploads\/2018\/07\/CFD-FEA-SERVICE-Compact.png?fit=677%2C178&ssl=1","contentUrl":"https:\/\/i2.wp.com\/cfdfeaservice.it\/wp-content\/uploads\/2018\/07\/CFD-FEA-SERVICE-Compact.png?fit=677%2C178&ssl=1","width":677,"height":178,"caption":"CFD FEA SERVICE SRL"},"image":{"@id":"https:\/\/cfdfeaservice.it\/#\/schema\/logo\/image\/"},"sameAs":["https:\/\/www.facebook.com\/cfdfeaservice","https:\/\/www.linkedin.com\/company\/11421185\/","https:\/\/www.youtube.com\/channel\/UCr2h1DbpsNDKJSBAgeWMbfA"]}]}},"jetpack_sharing_enabled":true,"_links":{"self":[{"href":"https:\/\/cfdfeaservice.it\/index.php\/wp-json\/wp\/v2\/product\/596","targetHints":{"allow":["GET"]}}],"collection":[{"href":"https:\/\/cfdfeaservice.it\/index.php\/wp-json\/wp\/v2\/product"}],"about":[{"href":"https:\/\/cfdfeaservice.it\/index.php\/wp-json\/wp\/v2\/types\/product"}],"replies":[{"embeddable":true,"href":"https:\/\/cfdfeaservice.it\/index.php\/wp-json\/wp\/v2\/comments?post=596"}],"wp:featuredmedia":[{"embeddable":true,"href":"https:\/\/cfdfeaservice.it\/index.php\/wp-json\/wp\/v2\/media\/607"}],"wp:attachment":[{"href":"https:\/\/cfdfeaservice.it\/index.php\/wp-json\/wp\/v2\/media?parent=596"}],"wp:term":[{"taxonomy":"product_brand","embeddable":true,"href":"https:\/\/cfdfeaservice.it\/index.php\/wp-json\/wp\/v2\/product_brand?post=596"},{"taxonomy":"product_cat","embeddable":true,"href":"https:\/\/cfdfeaservice.it\/index.php\/wp-json\/wp\/v2\/product_cat?post=596"},{"taxonomy":"product_tag","embeddable":true,"href":"https:\/\/cfdfeaservice.it\/index.php\/wp-json\/wp\/v2\/product_tag?post=596"}],"curies":[{"name":"wp","href":"https:\/\/api.w.org\/{rel}","templated":true}]}}